{"id":422,"date":"2022-02-07T22:48:02","date_gmt":"2022-02-08T01:48:02","guid":{"rendered":"http:\/\/entidadesintegradasdf.org.br\/novo\/?page_id=422"},"modified":"2022-02-17T11:21:31","modified_gmt":"2022-02-17T14:21:31","slug":"diretoria-sindepo","status":"publish","type":"page","link":"https:\/\/entidadesintegradasdf.org.br\/novo\/diretoria-sindepo\/","title":{"rendered":"Diretoria &#8211; SINDEPO"},"content":{"rendered":"\t\t<div data-elementor-type=\"wp-page\" data-elementor-id=\"422\" class=\"elementor elementor-422\" data-elementor-settings=\"[]\">\n\t\t\t\t\t\t\t<div class=\"elementor-section-wrap\">\n\t\t\t\t\t\t\t<section class=\"elementor-section elementor-top-section elementor-element elementor-element-6d1348ac elementor-section-boxed elementor-section-height-default elementor-section-height-default\" data-id=\"6d1348ac\" data-element_type=\"section\" data-settings=\"{&quot;jet_parallax_layout_list&quot;:[{&quot;jet_parallax_layout_image&quot;:{&quot;url&quot;:&quot;&quot;,&quot;id&quot;:&quot;&quot;},&quot;_id&quot;:&quot;bc6cd3d&quot;,&quot;jet_parallax_layout_image_tablet&quot;:{&quot;url&quot;:&quot;&quot;,&quot;id&quot;:&quot;&quot;},&quot;jet_parallax_layout_image_mobile&quot;:{&quot;url&quot;:&quot;&quot;,&quot;id&quot;:&quot;&quot;},&quot;jet_parallax_layout_speed&quot;:{&quot;unit&quot;:&quot;%&quot;,&quot;size&quot;:50,&quot;sizes&quot;:[]},&quot;jet_parallax_layout_type&quot;:&quot;scroll&quot;,&quot;jet_parallax_layout_direction&quot;:null,&quot;jet_parallax_layout_fx_direction&quot;:null,&quot;jet_parallax_layout_z_index&quot;:&quot;&quot;,&quot;jet_parallax_layout_bg_x&quot;:50,&quot;jet_parallax_layout_bg_x_tablet&quot;:&quot;&quot;,&quot;jet_parallax_layout_bg_x_mobile&quot;:&quot;&quot;,&quot;jet_parallax_layout_bg_y&quot;:50,&quot;jet_parallax_layout_bg_y_tablet&quot;:&quot;&quot;,&quot;jet_parallax_layout_bg_y_mobile&quot;:&quot;&quot;,&quot;jet_parallax_layout_bg_size&quot;:&quot;auto&quot;,&quot;jet_parallax_layout_bg_size_tablet&quot;:&quot;&quot;,&quot;jet_parallax_layout_bg_size_mobile&quot;:&quot;&quot;,&quot;jet_parallax_layout_animation_prop&quot;:&quot;transform&quot;,&quot;jet_parallax_layout_on&quot;:[&quot;desktop&quot;,&quot;tablet&quot;]}]}\">\n\t\t\t\t\t\t<div class=\"elementor-container elementor-column-gap-default\">\n\t\t\t\t\t<div class=\"elementor-column elementor-col-100 elementor-top-column elementor-element elementor-element-1e76883b d-flex flex-column\" data-id=\"1e76883b\" data-element_type=\"column\">\n\t\t\t<div class=\"elementor-widget-wrap elementor-element-populated\">\n\t\t\t\t\t\t\t\t<div class=\"elementor-element elementor-element-8fc7d2f elementor-widget elementor-widget-heading\" data-id=\"8fc7d2f\" data-element_type=\"widget\" data-widget_type=\"heading.default\">\n\t\t\t\t<div class=\"elementor-widget-container\">\n\t\t\t<h2 class=\"elementor-heading-title elementor-size-default\">Diretoria Executiva<\/h2>\t\t<\/div>\n\t\t\t\t<\/div>\n\t\t\t\t<div class=\"elementor-element elementor-element-8593dfa elementor-widget elementor-widget-text-editor\" data-id=\"8593dfa\" data-element_type=\"widget\" data-widget_type=\"text-editor.default\">\n\t\t\t\t<div class=\"elementor-widget-container\">\n\t\t\t\t\t\t\t<p><strong>Presidente<\/strong>\u00a0\u2013 Marcelo R. Portela Nunes<br \/><strong>Vice-presidente<\/strong>\u00a0&#8211; Paulo Roberto D\u2019Almeida<br \/><strong>Diretor Financeiro<\/strong>\u00a0\u2013 Thiago Frederico de Souza Costa<br \/><strong>Primeiro Suplente<\/strong>\u00a0\u2013 Elisabete Maria Fremau<br \/><strong>Segundo Suplente<\/strong>\u00a0\u2013 Andr\u00e9 Luiz da Costa Leite<\/p>\t\t\t\t\t\t<\/div>\n\t\t\t\t<\/div>\n\t\t\t\t<div class=\"elementor-element elementor-element-6cede534 elementor-widget elementor-widget-text-editor\" data-id=\"6cede534\" data-element_type=\"widget\" data-widget_type=\"text-editor.default\">\n\t\t\t\t<div class=\"elementor-widget-container\">\n\t\t\t\t\t\t\t<!-- wp:heading {\"level\":3} --><!-- \/wp:paragraph --><!-- wp:heading {\"level\":3} -->\n<h3>Diretoria Jur\u00eddica<\/h3>\n<!-- \/wp:heading --><!-- wp:paragraph -->\n<p>La\u00e9rcio Rossetto<br \/>Valter Parr Corr\u00eaa<\/p>\n<!-- \/wp:paragraph --><!-- wp:heading {\"level\":3} -->\n<h3>Diretoria de Aposentados<\/h3>\n<!-- \/wp:heading --><!-- wp:paragraph -->\n<p>Francisco Feitosa<br \/>Geraldo Magela<br \/>Ant\u00f4nio Coelho Sampaio<\/p>\n<!-- \/wp:paragraph --><!-- wp:heading {\"level\":3} -->\n<h3>Conselho Fiscal &#8211; Conselheiros<\/h3>\n<!-- \/wp:heading --><!-- wp:paragraph -->\n<p>Giancarlos Zuliani J\u00fanior<br \/>Jo\u00e3o Carlos C. L\u00f3ssio Filho<br \/>Jos\u00e9 Augusto Ferreira Lima<\/p>\n<!-- \/wp:paragraph --><!-- wp:heading {\"level\":3} -->\n<h3>Diretoria Sindical<\/h3>\n<!-- \/wp:heading --><!-- wp:paragraph -->\n<p>Alberto Barbosa M. N. Rodrigues<br \/>Marco Ant\u00f4nio Farah de Mesquita<\/p>\n<!-- \/wp:paragraph --><!-- wp:heading {\"level\":3} -->\n<h3>Diretoria Parlamentar<\/h3>\n<!-- \/wp:heading --><!-- wp:paragraph -->\n<p>Anie Rampon<br \/>Kl\u00e9ber Luiz da Silva JR<br \/>Ricardo Mendes Villafane Gomes<\/p>\n<!-- \/wp:paragraph --><!-- wp:heading {\"level\":3} -->\n<h3>Diretoria de Comunica\u00e7\u00e3o<\/h3>\n<!-- \/wp:heading --><!-- wp:paragraph -->\n<p>Raphael da Silva Seixas<br \/>Laryssa Soares Neves<\/p>\n<!-- \/wp:paragraph --><!-- wp:heading {\"level\":3} -->\n<h3>Suplentes<\/h3>\n<!-- \/wp:heading --><!-- wp:paragraph -->\n<p>Jos\u00e9 Batista Lima<br \/>Jos\u00e9 Diniz de Melo<br \/>Iolanda Medeiros da Silva<\/p>\n<!-- \/wp:paragraph --><!-- wp:heading {\"level\":3} -->\n<h3>Diretoria de Prerrogativas<\/h3>\n<!-- \/wp:heading --><!-- wp:paragraph -->\n<p>Diego Luis S. Castro<br \/>Marcelo Morum Xavier<\/p>\n<!-- \/wp:paragraph --><!-- wp:heading {\"level\":3} -->\n<h3>Diretoria da Mulher<\/h3>\n<!-- \/wp:heading --><!-- wp:paragraph -->\n<p>Elizabete Maria Fremau<br \/>Jun\u2019Aurea Costa Bezerra de Carvalho<\/p>\n<!-- \/wp:paragraph -->\t\t\t\t\t\t<\/div>\n\t\t\t\t<\/div>\n\t\t\t\t\t<\/div>\n\t\t<\/div>\n\t\t\t\t\t\t\t<\/div>\n\t\t<\/section>\n\t\t\t\t\t\t<\/div>\n\t\t\t\t\t<\/div>\n\t\t","protected":false},"excerpt":{"rendered":"<p>Diretoria Executiva Presidente\u00a0\u2013 Marcelo R. Portela NunesVice-presidente\u00a0&#8211; Paulo Roberto D\u2019AlmeidaDiretor Financeiro\u00a0\u2013 Thiago Frederico de Souza CostaPrimeiro Suplente\u00a0\u2013 Elisabete Maria FremauSegundo Suplente\u00a0\u2013 Andr\u00e9 Luiz da Costa Leite Diretoria Jur\u00eddica La\u00e9rcio RossettoValter Parr Corr\u00eaa Diretoria de Aposentados Francisco FeitosaGeraldo MagelaAnt\u00f4nio Coelho Sampaio Conselho Fiscal &#8211; Conselheiros Giancarlos Zuliani J\u00faniorJo\u00e3o Carlos C. L\u00f3ssio FilhoJos\u00e9 Augusto Ferreira Lima Diretoria [&hellip;]<\/p>\n","protected":false},"author":1,"featured_media":0,"parent":0,"menu_order":0,"comment_status":"closed","ping_status":"closed","template":"","meta":[],"_links":{"self":[{"href":"https:\/\/entidadesintegradasdf.org.br\/novo\/wp-json\/wp\/v2\/pages\/422"}],"collection":[{"href":"https:\/\/entidadesintegradasdf.org.br\/novo\/wp-json\/wp\/v2\/pages"}],"about":[{"href":"https:\/\/entidadesintegradasdf.org.br\/novo\/wp-json\/wp\/v2\/types\/page"}],"author":[{"embeddable":true,"href":"https:\/\/entidadesintegradasdf.org.br\/novo\/wp-json\/wp\/v2\/users\/1"}],"replies":[{"embeddable":true,"href":"https:\/\/entidadesintegradasdf.org.br\/novo\/wp-json\/wp\/v2\/comments?post=422"}],"version-history":[{"count":11,"href":"https:\/\/entidadesintegradasdf.org.br\/novo\/wp-json\/wp\/v2\/pages\/422\/revisions"}],"predecessor-version":[{"id":536,"href":"https:\/\/entidadesintegradasdf.org.br\/novo\/wp-json\/wp\/v2\/pages\/422\/revisions\/536"}],"wp:attachment":[{"href":"https:\/\/entidadesintegradasdf.org.br\/novo\/wp-json\/wp\/v2\/media?parent=422"}],"curies":[{"name":"wp","href":"https:\/\/api.w.org\/{rel}","templated":true}]}}