{"id":886,"date":"2012-06-07T20:02:25","date_gmt":"2012-06-07T23:02:25","guid":{"rendered":"http:\/\/adeboleiros.com.br\/?page_id=886"},"modified":"2014-03-20T18:31:08","modified_gmt":"2014-03-20T21:31:08","slug":"campeoes-e-artilheiro","status":"publish","type":"page","link":"https:\/\/entidadesintegradasdf.org.br\/adeboleiros\/futebol\/campeonato-2009\/campeoes-e-artilheiro\/","title":{"rendered":"Campe\u00f5es e Artilheiro"},"content":{"rendered":"<p><a href=\"http:\/\/entidadesintegradasdf.org.br\/adeboleiros\/wp-content\/uploads\/2012\/06\/1\u00ba-ADEBOLEIROS-TIMES-DO-DF.jpg\"><img loading=\"lazy\" class=\"aligncenter size-medium wp-image-841\" title=\"1\u00ba ADEBOLEIROS - TIMES DO DF\" src=\"http:\/\/entidadesintegradasdf.org.br\/adeboleiros\/wp-content\/uploads\/2012\/06\/1\u00ba-ADEBOLEIROS-TIMES-DO-DF-600x32.jpg\" alt=\"\" width=\"600\" height=\"32\" \/><\/a><\/p>\n<hr \/>\n<p>&nbsp;<\/p>\n<p><img loading=\"lazy\" class=\"aligncenter size-full wp-image-887\" title=\"MELHORES 2009\" src=\"http:\/\/entidadesintegradasdf.org.br\/adeboleiros\/wp-content\/uploads\/2012\/06\/MELHORES-2009.jpg\" alt=\"\" width=\"539\" height=\"86\" srcset=\"https:\/\/entidadesintegradasdf.org.br\/adeboleiros\/wp-content\/uploads\/2012\/06\/MELHORES-2009.jpg 539w, https:\/\/entidadesintegradasdf.org.br\/adeboleiros\/wp-content\/uploads\/2012\/06\/MELHORES-2009-300x47.jpg 300w\" sizes=\"(max-width: 539px) 100vw, 539px\" \/><\/p>\n<div id=\"attachment_888\" style=\"width: 543px\" class=\"wp-caption aligncenter\"><img aria-describedby=\"caption-attachment-888\" loading=\"lazy\" class=\"size-medium wp-image-888  \" title=\"CEIL\u00c2NDIA CAMPE\u00c3O\" src=\"http:\/\/entidadesintegradasdf.org.br\/adeboleiros\/wp-content\/uploads\/2012\/06\/CEIL\u00c2NDIA-CAMPE\u00c3O-533x400.jpg\" alt=\"\" width=\"533\" height=\"400\" \/><p id=\"caption-attachment-888\" class=\"wp-caption-text\">EM P\u00c9: Hugo, \u00c9rico, Marcelo, Wilson, Felipe, F\u00e1bio e Andr\u00e9. \/ AGACHADOS: L\u00edcio, Rafael, Rog\u00e9rio, Waldeck e Daniel.<\/p><\/div>\n<p>&nbsp;<\/p>\n<hr \/>\n<p>&nbsp;<\/p>\n<p><img loading=\"lazy\" class=\"aligncenter size-full wp-image-891\" title=\"ARTILHEIRO\" src=\"http:\/\/entidadesintegradasdf.org.br\/adeboleiros\/wp-content\/uploads\/2012\/06\/ARTILHEIRO.jpg\" alt=\"\" width=\"389\" height=\"81\" srcset=\"https:\/\/entidadesintegradasdf.org.br\/adeboleiros\/wp-content\/uploads\/2012\/06\/ARTILHEIRO.jpg 389w, https:\/\/entidadesintegradasdf.org.br\/adeboleiros\/wp-content\/uploads\/2012\/06\/ARTILHEIRO-300x62.jpg 300w\" sizes=\"(max-width: 389px) 100vw, 389px\" \/><\/p>\n<div id=\"attachment_892\" style=\"width: 431px\" class=\"wp-caption aligncenter\"><img aria-describedby=\"caption-attachment-892\" loading=\"lazy\" class=\"size-medium wp-image-892    \" title=\"ARTILHEIRO 2009\" src=\"http:\/\/entidadesintegradasdf.org.br\/adeboleiros\/wp-content\/uploads\/2012\/06\/ARTILHEIRO-2009-421x400.jpg\" alt=\"Jogador do GAMA\" width=\"421\" height=\"400\" \/><p id=\"caption-attachment-892\" class=\"wp-caption-text\">LEONARDO DE CASTRO - 12 GOLS ATUANDO PELO GAMA. (Foto tirada no momento da premia\u00e7\u00e3o, oportunidade que o atleta anunciou o encerramento de sua carreira de cantor sertanejo)<\/p><\/div>\n<p>&nbsp;<\/p>\n","protected":false},"excerpt":{"rendered":"<p>&nbsp; &nbsp; &nbsp; &nbsp;<\/p>\n","protected":false},"author":2,"featured_media":0,"parent":375,"menu_order":4,"comment_status":"closed","ping_status":"closed","template":"","meta":{"ngg_post_thumbnail":0},"_links":{"self":[{"href":"https:\/\/entidadesintegradasdf.org.br\/adeboleiros\/wp-json\/wp\/v2\/pages\/886"}],"collection":[{"href":"https:\/\/entidadesintegradasdf.org.br\/adeboleiros\/wp-json\/wp\/v2\/pages"}],"about":[{"href":"https:\/\/entidadesintegradasdf.org.br\/adeboleiros\/wp-json\/wp\/v2\/types\/page"}],"author":[{"embeddable":true,"href":"https:\/\/entidadesintegradasdf.org.br\/adeboleiros\/wp-json\/wp\/v2\/users\/2"}],"replies":[{"embeddable":true,"href":"https:\/\/entidadesintegradasdf.org.br\/adeboleiros\/wp-json\/wp\/v2\/comments?post=886"}],"version-history":[{"count":1,"href":"https:\/\/entidadesintegradasdf.org.br\/adeboleiros\/wp-json\/wp\/v2\/pages\/886\/revisions"}],"predecessor-version":[{"id":4084,"href":"https:\/\/entidadesintegradasdf.org.br\/adeboleiros\/wp-json\/wp\/v2\/pages\/886\/revisions\/4084"}],"up":[{"embeddable":true,"href":"https:\/\/entidadesintegradasdf.org.br\/adeboleiros\/wp-json\/wp\/v2\/pages\/375"}],"wp:attachment":[{"href":"https:\/\/entidadesintegradasdf.org.br\/adeboleiros\/wp-json\/wp\/v2\/media?parent=886"}],"curies":[{"name":"wp","href":"https:\/\/api.w.org\/{rel}","templated":true}]}}