{"id":5714,"date":"2019-08-30T12:10:17","date_gmt":"2019-08-30T15:10:17","guid":{"rendered":"http:\/\/adeboleiros.com.br\/?page_id=5714"},"modified":"2019-09-03T10:24:09","modified_gmt":"2019-09-03T13:24:09","slug":"torneio-inicio-2","status":"publish","type":"page","link":"https:\/\/entidadesintegradasdf.org.br\/adeboleiros\/adeboleiros-2019\/torneio-inicio-2\/","title":{"rendered":"Torneio In\u00edcio"},"content":{"rendered":"<p>O t\u00e3o esperado XI Campeonato Adeboleiros 2019 &#8211; SAF com a disputa do Torneio In\u00edcio as 9:30. \u00c9 o momento de grande confraterniza\u00e7\u00e3o e onde conhecemos nossos colegas de todas as equipes.<\/p>\n","protected":false},"excerpt":{"rendered":"<p>O t\u00e3o esperado XI Campeonato Adeboleiros 2019 &#8211; SAF com a disputa do Torneio In\u00edcio as 9:30. \u00c9 o momento de grande confraterniza\u00e7\u00e3o e onde conhecemos nossos colegas de todas as equipes.<\/p>\n","protected":false},"author":1,"featured_media":0,"parent":5710,"menu_order":0,"comment_status":"closed","ping_status":"closed","template":"","meta":{"ngg_post_thumbnail":0},"_links":{"self":[{"href":"https:\/\/entidadesintegradasdf.org.br\/adeboleiros\/wp-json\/wp\/v2\/pages\/5714"}],"collection":[{"href":"https:\/\/entidadesintegradasdf.org.br\/adeboleiros\/wp-json\/wp\/v2\/pages"}],"about":[{"href":"https:\/\/entidadesintegradasdf.org.br\/adeboleiros\/wp-json\/wp\/v2\/types\/page"}],"author":[{"embeddable":true,"href":"https:\/\/entidadesintegradasdf.org.br\/adeboleiros\/wp-json\/wp\/v2\/users\/1"}],"replies":[{"embeddable":true,"href":"https:\/\/entidadesintegradasdf.org.br\/adeboleiros\/wp-json\/wp\/v2\/comments?post=5714"}],"version-history":[{"count":5,"href":"https:\/\/entidadesintegradasdf.org.br\/adeboleiros\/wp-json\/wp\/v2\/pages\/5714\/revisions"}],"predecessor-version":[{"id":5751,"href":"https:\/\/entidadesintegradasdf.org.br\/adeboleiros\/wp-json\/wp\/v2\/pages\/5714\/revisions\/5751"}],"up":[{"embeddable":true,"href":"https:\/\/entidadesintegradasdf.org.br\/adeboleiros\/wp-json\/wp\/v2\/pages\/5710"}],"wp:attachment":[{"href":"https:\/\/entidadesintegradasdf.org.br\/adeboleiros\/wp-json\/wp\/v2\/media?parent=5714"}],"curies":[{"name":"wp","href":"https:\/\/api.w.org\/{rel}","templated":true}]}}