{"id":5508,"date":"2018-08-21T15:20:18","date_gmt":"2018-08-21T18:20:18","guid":{"rendered":"http:\/\/adeboleiros.com.br\/?page_id=5508"},"modified":"2018-10-16T17:23:05","modified_gmt":"2018-10-16T20:23:05","slug":"craque-do-jogo-2018","status":"publish","type":"page","link":"https:\/\/entidadesintegradasdf.org.br\/adeboleiros\/craque-do-jogo-2018\/","title":{"rendered":"Craque do Jogo"},"content":{"rendered":"<p style=\"text-align: center;\"><a href=\"http:\/\/adeboleiros.com.br\/craque-do-jogo-2018\/russian-background-pattern-of-traditional-icons-7\/\" rel=\"attachment wp-att-5562\"><img loading=\"lazy\" class=\" wp-image-5562\" src=\"http:\/\/entidadesintegradasdf.org.br\/adeboleiros\/wp-content\/uploads\/2018\/08\/Adnr\u00e9-Bahia.jpg\" alt=\"\" width=\"669\" height=\"130\" srcset=\"https:\/\/entidadesintegradasdf.org.br\/adeboleiros\/wp-content\/uploads\/2018\/08\/Adnr\u00e9-Bahia.jpg 952w, https:\/\/entidadesintegradasdf.org.br\/adeboleiros\/wp-content\/uploads\/2018\/08\/Adnr\u00e9-Bahia-300x58.jpg 300w, https:\/\/entidadesintegradasdf.org.br\/adeboleiros\/wp-content\/uploads\/2018\/08\/Adnr\u00e9-Bahia-768x149.jpg 768w\" sizes=\"(max-width: 669px) 100vw, 669px\" \/><\/a><\/p>\n<pre style=\"text-align: center;\"><strong>INGLATERRA 4 x 2\u00a0B\u00c9LGICA<\/strong><\/pre>\n<p style=\"text-align: center;\"><img loading=\"lazy\" class=\"aligncenter wp-image-5563\" src=\"http:\/\/entidadesintegradasdf.org.br\/adeboleiros\/wp-content\/uploads\/2018\/08\/WhatsApp-Image-2018-09-01-at-11.24.41.jpeg\" alt=\"\" width=\"400\" height=\"533\" srcset=\"https:\/\/entidadesintegradasdf.org.br\/adeboleiros\/wp-content\/uploads\/2018\/08\/WhatsApp-Image-2018-09-01-at-11.24.41.jpeg 960w, https:\/\/entidadesintegradasdf.org.br\/adeboleiros\/wp-content\/uploads\/2018\/08\/WhatsApp-Image-2018-09-01-at-11.24.41-225x300.jpeg 225w, https:\/\/entidadesintegradasdf.org.br\/adeboleiros\/wp-content\/uploads\/2018\/08\/WhatsApp-Image-2018-09-01-at-11.24.41-768x1024.jpeg 768w\" sizes=\"(max-width: 400px) 100vw, 400px\" \/><\/p>\n<p><a href=\"http:\/\/adeboleiros.com.br\/craque-do-jogo-2018\/russian-background-pattern-of-traditional-icons-8\/\" rel=\"attachment wp-att-5570\"><img loading=\"lazy\" class=\"wp-image-5570 aligncenter\" src=\"http:\/\/entidadesintegradasdf.org.br\/adeboleiros\/wp-content\/uploads\/2018\/08\/Rodriguinho.jpg\" alt=\"\" width=\"674\" height=\"142\" srcset=\"https:\/\/entidadesintegradasdf.org.br\/adeboleiros\/wp-content\/uploads\/2018\/08\/Rodriguinho.jpg 934w, https:\/\/entidadesintegradasdf.org.br\/adeboleiros\/wp-content\/uploads\/2018\/08\/Rodriguinho-300x63.jpg 300w, https:\/\/entidadesintegradasdf.org.br\/adeboleiros\/wp-content\/uploads\/2018\/08\/Rodriguinho-768x162.jpg 768w\" sizes=\"(max-width: 674px) 100vw, 674px\" \/><\/a><\/p>\n<pre style=\"text-align: center;\"><strong>BRASIL 2 x 1 CRO\u00c1CIA<\/strong><\/pre>\n<p><img loading=\"lazy\" class=\"aligncenter wp-image-5568\" src=\"http:\/\/entidadesintegradasdf.org.br\/adeboleiros\/wp-content\/uploads\/2018\/08\/WhatsApp-Image-2018-09-01-at-12.28.27-1.jpeg\" alt=\"\" width=\"501\" height=\"375\" srcset=\"https:\/\/entidadesintegradasdf.org.br\/adeboleiros\/wp-content\/uploads\/2018\/08\/WhatsApp-Image-2018-09-01-at-12.28.27-1.jpeg 1280w, https:\/\/entidadesintegradasdf.org.br\/adeboleiros\/wp-content\/uploads\/2018\/08\/WhatsApp-Image-2018-09-01-at-12.28.27-1-300x225.jpeg 300w, https:\/\/entidadesintegradasdf.org.br\/adeboleiros\/wp-content\/uploads\/2018\/08\/WhatsApp-Image-2018-09-01-at-12.28.27-1-768x576.jpeg 768w, https:\/\/entidadesintegradasdf.org.br\/adeboleiros\/wp-content\/uploads\/2018\/08\/WhatsApp-Image-2018-09-01-at-12.28.27-1-1024x768.jpeg 1024w\" sizes=\"(max-width: 501px) 100vw, 501px\" \/><\/p>\n<p>&nbsp;<\/p>\n<p><a href=\"http:\/\/adeboleiros.com.br\/craque-do-jogo-2018\/russian-background-pattern-of-traditional-icons-12\/\" rel=\"attachment wp-att-5619\"><img loading=\"lazy\" class=\"wp-image-5619 aligncenter\" src=\"http:\/\/entidadesintegradasdf.org.br\/adeboleiros\/wp-content\/uploads\/2018\/08\/97337695-russia-background-in-modern-trend-style-with-traditional-russian-culture-and-sports-symbols-and-deco-copiar-1.jpg\" alt=\"\" width=\"478\" height=\"136\" srcset=\"https:\/\/entidadesintegradasdf.org.br\/adeboleiros\/wp-content\/uploads\/2018\/08\/97337695-russia-background-in-modern-trend-style-with-traditional-russian-culture-and-sports-symbols-and-deco-copiar-1.jpg 322w, https:\/\/entidadesintegradasdf.org.br\/adeboleiros\/wp-content\/uploads\/2018\/08\/97337695-russia-background-in-modern-trend-style-with-traditional-russian-culture-and-sports-symbols-and-deco-copiar-1-300x86.jpg 300w\" sizes=\"(max-width: 478px) 100vw, 478px\" \/><\/a><\/p>\n<pre><strong>                                       CRO\u00c1CIA 2 x 0 URUGUAI<\/strong><\/pre>\n<p style=\"text-align: center;\"><a href=\"http:\/\/adeboleiros.com.br\/craque-do-jogo-2018\/whatsapp-image-2018-09-25-at-00-10-59\/\" rel=\"attachment wp-att-5622\"><img loading=\"lazy\" class=\"alignnone wp-image-5622\" src=\"http:\/\/entidadesintegradasdf.org.br\/adeboleiros\/wp-content\/uploads\/2018\/08\/WhatsApp-Image-2018-09-25-at-00.10.59.jpeg\" alt=\"\" width=\"501\" height=\"554\" srcset=\"https:\/\/entidadesintegradasdf.org.br\/adeboleiros\/wp-content\/uploads\/2018\/08\/WhatsApp-Image-2018-09-25-at-00.10.59.jpeg 1155w, https:\/\/entidadesintegradasdf.org.br\/adeboleiros\/wp-content\/uploads\/2018\/08\/WhatsApp-Image-2018-09-25-at-00.10.59-271x300.jpeg 271w, https:\/\/entidadesintegradasdf.org.br\/adeboleiros\/wp-content\/uploads\/2018\/08\/WhatsApp-Image-2018-09-25-at-00.10.59-768x851.jpeg 768w, https:\/\/entidadesintegradasdf.org.br\/adeboleiros\/wp-content\/uploads\/2018\/08\/WhatsApp-Image-2018-09-25-at-00.10.59-924x1024.jpeg 924w\" sizes=\"(max-width: 501px) 100vw, 501px\" \/><\/a><\/p>\n<p><a href=\"http:\/\/adeboleiros.com.br\/craque-do-jogo-2018\/russian-background-pattern-of-traditional-icons-13\/\" rel=\"attachment wp-att-5620\"><img loading=\"lazy\" class=\"wp-image-5620 aligncenter\" src=\"http:\/\/entidadesintegradasdf.org.br\/adeboleiros\/wp-content\/uploads\/2018\/08\/Saulo.jpg\" alt=\"\" width=\"489\" height=\"140\" srcset=\"https:\/\/entidadesintegradasdf.org.br\/adeboleiros\/wp-content\/uploads\/2018\/08\/Saulo.jpg 388w, https:\/\/entidadesintegradasdf.org.br\/adeboleiros\/wp-content\/uploads\/2018\/08\/Saulo-300x86.jpg 300w\" sizes=\"(max-width: 489px) 100vw, 489px\" \/><\/a><\/p>\n<pre style=\"text-align: center;\"><strong>FRAN\u00c7A 2 x 1 B\u00c9LGICA<\/strong><\/pre>\n<p style=\"text-align: center;\"><a href=\"http:\/\/adeboleiros.com.br\/craque-do-jogo-2018\/whatsapp-image-2018-09-25-at-00-10-58\/\" rel=\"attachment wp-att-5621\"><img loading=\"lazy\" class=\"alignnone wp-image-5621\" src=\"http:\/\/entidadesintegradasdf.org.br\/adeboleiros\/wp-content\/uploads\/2018\/08\/WhatsApp-Image-2018-09-25-at-00.10.58.jpeg\" alt=\"\" width=\"508\" height=\"622\" srcset=\"https:\/\/entidadesintegradasdf.org.br\/adeboleiros\/wp-content\/uploads\/2018\/08\/WhatsApp-Image-2018-09-25-at-00.10.58.jpeg 1046w, https:\/\/entidadesintegradasdf.org.br\/adeboleiros\/wp-content\/uploads\/2018\/08\/WhatsApp-Image-2018-09-25-at-00.10.58-245x300.jpeg 245w, https:\/\/entidadesintegradasdf.org.br\/adeboleiros\/wp-content\/uploads\/2018\/08\/WhatsApp-Image-2018-09-25-at-00.10.58-768x940.jpeg 768w, https:\/\/entidadesintegradasdf.org.br\/adeboleiros\/wp-content\/uploads\/2018\/08\/WhatsApp-Image-2018-09-25-at-00.10.58-837x1024.jpeg 837w\" sizes=\"(max-width: 508px) 100vw, 508px\" \/><\/a><\/p>\n<p>&nbsp;<\/p>\n<p><a href=\"http:\/\/adeboleiros.com.br\/craque-do-jogo-2018\/russian-background-pattern-of-traditional-icons-15\/\" rel=\"attachment wp-att-5628\"><img loading=\"lazy\" class=\" wp-image-5628\" src=\"http:\/\/entidadesintegradasdf.org.br\/adeboleiros\/wp-content\/uploads\/2018\/08\/Tuf\u00e3o.jpg\" alt=\"\" width=\"550\" height=\"157\" srcset=\"https:\/\/entidadesintegradasdf.org.br\/adeboleiros\/wp-content\/uploads\/2018\/08\/Tuf\u00e3o.jpg 388w, https:\/\/entidadesintegradasdf.org.br\/adeboleiros\/wp-content\/uploads\/2018\/08\/Tuf\u00e3o-300x86.jpg 300w\" sizes=\"(max-width: 550px) 100vw, 550px\" \/><\/a><\/p>\n<pre style=\"text-align: center;\"><strong>BRASIL 0 x 5 B\u00c9LGICA<\/strong><\/pre>\n<p><a href=\"http:\/\/adeboleiros.com.br\/craque-do-jogo-2018\/whatsapp-image-2018-09-29-at-20-38-04\/\" rel=\"attachment wp-att-5629\"><img loading=\"lazy\" class=\"wp-image-5629 aligncenter\" src=\"http:\/\/entidadesintegradasdf.org.br\/adeboleiros\/wp-content\/uploads\/2018\/08\/WhatsApp-Image-2018-09-29-at-20.38.04.jpeg\" alt=\"\" width=\"501\" height=\"695\" srcset=\"https:\/\/entidadesintegradasdf.org.br\/adeboleiros\/wp-content\/uploads\/2018\/08\/WhatsApp-Image-2018-09-29-at-20.38.04.jpeg 922w, https:\/\/entidadesintegradasdf.org.br\/adeboleiros\/wp-content\/uploads\/2018\/08\/WhatsApp-Image-2018-09-29-at-20.38.04-216x300.jpeg 216w, https:\/\/entidadesintegradasdf.org.br\/adeboleiros\/wp-content\/uploads\/2018\/08\/WhatsApp-Image-2018-09-29-at-20.38.04-768x1066.jpeg 768w, https:\/\/entidadesintegradasdf.org.br\/adeboleiros\/wp-content\/uploads\/2018\/08\/WhatsApp-Image-2018-09-29-at-20.38.04-738x1024.jpeg 738w\" sizes=\"(max-width: 501px) 100vw, 501px\" \/><\/a><\/p>\n<p><a href=\"http:\/\/adeboleiros.com.br\/craque-do-jogo-2018\/russian-background-pattern-of-traditional-icons-14\/\" rel=\"attachment wp-att-5627\"><img loading=\"lazy\" class=\" wp-image-5627\" src=\"http:\/\/entidadesintegradasdf.org.br\/adeboleiros\/wp-content\/uploads\/2018\/08\/Rogerio-copiar.jpg\" alt=\"\" width=\"619\" height=\"143\" srcset=\"https:\/\/entidadesintegradasdf.org.br\/adeboleiros\/wp-content\/uploads\/2018\/08\/Rogerio-copiar.jpg 619w, https:\/\/entidadesintegradasdf.org.br\/adeboleiros\/wp-content\/uploads\/2018\/08\/Rogerio-copiar-300x69.jpg 300w\" sizes=\"(max-width: 619px) 100vw, 619px\" \/><\/a><\/p>\n<pre style=\"text-align: center;\"><strong>URUGUAI 3 x 2 INGLATERRA\r\n\r\n<a href=\"http:\/\/adeboleiros.com.br\/craque-do-jogo-2018\/whatsapp-image-2018-09-29-at-20-38-05\/\" rel=\"attachment wp-att-5630\"><img loading=\"lazy\" class=\"alignnone wp-image-5630\" src=\"http:\/\/entidadesintegradasdf.org.br\/adeboleiros\/wp-content\/uploads\/2018\/08\/WhatsApp-Image-2018-09-29-at-20.38.05.jpeg\" alt=\"\" width=\"502\" height=\"607\" \/>\r\n\r\n\r\n<\/a><\/strong><\/pre>\n<p><a href=\"http:\/\/adeboleiros.com.br\/craque-do-jogo-2018\/russian-background-pattern-of-traditional-icons-16\/\" rel=\"attachment wp-att-5641\"><img loading=\"lazy\" class=\"wp-image-5641 aligncenter\" src=\"http:\/\/entidadesintegradasdf.org.br\/adeboleiros\/wp-content\/uploads\/2018\/08\/Diego-Chupetinha.jpg\" alt=\"\" width=\"619\" height=\"141\" \/><\/a><\/p>\n<pre style=\"text-align: center;\"><strong>B\u00c9LGICA 4 X 0 CRO\u00c1CIA\r\n\r\n<a href=\"http:\/\/adeboleiros.com.br\/craque-do-jogo-2018\/whatsapp-image-2018-10-08-at-15-23-19\/\" rel=\"attachment wp-att-5643\"><img loading=\"lazy\" class=\"alignnone wp-image-5643\" src=\"http:\/\/entidadesintegradasdf.org.br\/adeboleiros\/wp-content\/uploads\/2018\/08\/WhatsApp-Image-2018-10-08-at-15.23.19.jpeg\" alt=\"\" width=\"503\" height=\"598\" srcset=\"https:\/\/entidadesintegradasdf.org.br\/adeboleiros\/wp-content\/uploads\/2018\/08\/WhatsApp-Image-2018-10-08-at-15.23.19.jpeg 1077w, https:\/\/entidadesintegradasdf.org.br\/adeboleiros\/wp-content\/uploads\/2018\/08\/WhatsApp-Image-2018-10-08-at-15.23.19-252x300.jpeg 252w, https:\/\/entidadesintegradasdf.org.br\/adeboleiros\/wp-content\/uploads\/2018\/08\/WhatsApp-Image-2018-10-08-at-15.23.19-768x913.jpeg 768w, https:\/\/entidadesintegradasdf.org.br\/adeboleiros\/wp-content\/uploads\/2018\/08\/WhatsApp-Image-2018-10-08-at-15.23.19-862x1024.jpeg 862w\" sizes=\"(max-width: 503px) 100vw, 503px\" \/>\r\n\r\n<\/a><\/strong><\/pre>\n<p><a href=\"http:\/\/adeboleiros.com.br\/craque-do-jogo-2018\/russian-background-pattern-of-traditional-icons-17\/\" rel=\"attachment wp-att-5645\"><img loading=\"lazy\" class=\"wp-image-5645 aligncenter\" src=\"http:\/\/entidadesintegradasdf.org.br\/adeboleiros\/wp-content\/uploads\/2018\/08\/Gustavo.jpg\" alt=\"\" width=\"619\" height=\"143\" srcset=\"https:\/\/entidadesintegradasdf.org.br\/adeboleiros\/wp-content\/uploads\/2018\/08\/Gustavo.jpg 619w, https:\/\/entidadesintegradasdf.org.br\/adeboleiros\/wp-content\/uploads\/2018\/08\/Gustavo-300x69.jpg 300w\" sizes=\"(max-width: 619px) 100vw, 619px\" \/><\/a><\/p>\n<pre style=\"text-align: center;\"><strong>FRAN\u00c7A 0 X 4 INGLATERRA<\/strong>\r\n\r\n<a href=\"http:\/\/adeboleiros.com.br\/craque-do-jogo-2018\/whatsapp-image-2018-10-08-at-15-23-25\/\" rel=\"attachment wp-att-5646\"><img loading=\"lazy\" class=\"alignnone wp-image-5646\" src=\"http:\/\/entidadesintegradasdf.org.br\/adeboleiros\/wp-content\/uploads\/2018\/08\/WhatsApp-Image-2018-10-08-at-15.23.25.jpeg\" alt=\"\" width=\"503\" height=\"598\" srcset=\"https:\/\/entidadesintegradasdf.org.br\/adeboleiros\/wp-content\/uploads\/2018\/08\/WhatsApp-Image-2018-10-08-at-15.23.25.jpeg 1077w, https:\/\/entidadesintegradasdf.org.br\/adeboleiros\/wp-content\/uploads\/2018\/08\/WhatsApp-Image-2018-10-08-at-15.23.25-252x300.jpeg 252w, https:\/\/entidadesintegradasdf.org.br\/adeboleiros\/wp-content\/uploads\/2018\/08\/WhatsApp-Image-2018-10-08-at-15.23.25-768x913.jpeg 768w, https:\/\/entidadesintegradasdf.org.br\/adeboleiros\/wp-content\/uploads\/2018\/08\/WhatsApp-Image-2018-10-08-at-15.23.25-862x1024.jpeg 862w\" sizes=\"(max-width: 503px) 100vw, 503px\" \/>\r\n\r\n<\/a><\/pre>\n<p><a href=\"http:\/\/adeboleiros.com.br\/craque-do-jogo-2018\/russian-background-pattern-of-traditional-icons-18\/\" rel=\"attachment wp-att-5648\"><img loading=\"lazy\" class=\"size-full wp-image-5648 aligncenter\" src=\"http:\/\/entidadesintegradasdf.org.br\/adeboleiros\/wp-content\/uploads\/2018\/08\/Marc\u00e3o.jpg\" alt=\"\" width=\"619\" height=\"143\" srcset=\"https:\/\/entidadesintegradasdf.org.br\/adeboleiros\/wp-content\/uploads\/2018\/08\/Marc\u00e3o.jpg 619w, https:\/\/entidadesintegradasdf.org.br\/adeboleiros\/wp-content\/uploads\/2018\/08\/Marc\u00e3o-300x69.jpg 300w\" sizes=\"(max-width: 619px) 100vw, 619px\" \/><\/a><\/p>\n<pre style=\"text-align: center;\"><strong>BRASIL 2 X 0 URUGUAI<\/strong><\/pre>\n<pre style=\"text-align: center;\"><a href=\"http:\/\/adeboleiros.com.br\/craque-do-jogo-2018\/whatsapp-image-2018-10-08-at-15-23-31\/\" rel=\"attachment wp-att-5649\"><img loading=\"lazy\" class=\"alignnone wp-image-5649\" src=\"http:\/\/entidadesintegradasdf.org.br\/adeboleiros\/wp-content\/uploads\/2018\/08\/WhatsApp-Image-2018-10-08-at-15.23.31.jpeg\" alt=\"\" width=\"503\" height=\"669\" \/><\/a><\/pre>\n","protected":false},"excerpt":{"rendered":"<p>INGLATERRA 4 x 2\u00a0B\u00c9LGICA BRASIL 2 x 1 CRO\u00c1CIA &nbsp; CRO\u00c1CIA 2 x 0 URUGUAI FRAN\u00c7A 2 x 1 B\u00c9LGICA &nbsp; BRASIL 0 x 5 B\u00c9LGICA URUGUAI 3 x 2 INGLATERRA B\u00c9LGICA 4 X 0 CRO\u00c1CIA FRAN\u00c7A 0 X 4 INGLATERRA BRASIL 2 X 0 URUGUAI<\/p>\n","protected":false},"author":5,"featured_media":0,"parent":0,"menu_order":0,"comment_status":"closed","ping_status":"closed","template":"","meta":{"ngg_post_thumbnail":0},"_links":{"self":[{"href":"https:\/\/entidadesintegradasdf.org.br\/adeboleiros\/wp-json\/wp\/v2\/pages\/5508"}],"collection":[{"href":"https:\/\/entidadesintegradasdf.org.br\/adeboleiros\/wp-json\/wp\/v2\/pages"}],"about":[{"href":"https:\/\/entidadesintegradasdf.org.br\/adeboleiros\/wp-json\/wp\/v2\/types\/page"}],"author":[{"embeddable":true,"href":"https:\/\/entidadesintegradasdf.org.br\/adeboleiros\/wp-json\/wp\/v2\/users\/5"}],"replies":[{"embeddable":true,"href":"https:\/\/entidadesintegradasdf.org.br\/adeboleiros\/wp-json\/wp\/v2\/comments?post=5508"}],"version-history":[{"count":20,"href":"https:\/\/entidadesintegradasdf.org.br\/adeboleiros\/wp-json\/wp\/v2\/pages\/5508\/revisions"}],"predecessor-version":[{"id":5571,"href":"https:\/\/entidadesintegradasdf.org.br\/adeboleiros\/wp-json\/wp\/v2\/pages\/5508\/revisions\/5571"}],"wp:attachment":[{"href":"https:\/\/entidadesintegradasdf.org.br\/adeboleiros\/wp-json\/wp\/v2\/media?parent=5508"}],"curies":[{"name":"wp","href":"https:\/\/api.w.org\/{rel}","templated":true}]}}