{"id":55,"date":"2013-02-27T17:08:58","date_gmt":"2013-02-27T17:08:58","guid":{"rendered":"http:\/\/adeboleiros.com.br\/?page_id=55"},"modified":"2013-05-01T23:56:52","modified_gmt":"2013-05-02T02:56:52","slug":"calendario-de-atividades-2013","status":"publish","type":"page","link":"https:\/\/entidadesintegradasdf.org.br\/adeboleiros\/calendario-de-atividades-2013\/","title":{"rendered":"Calend\u00e1rio de Atividades 2013"},"content":{"rendered":"\r\n\t\t\t<div class=\"dp_pec_wrapper\" id=\"dp_pec_id1334328862\" style=\"width: 100% \" >\r\n\t\t\t\t<div class=\"dp_pec_nav\">\r\n\t\t\t\t\t<span class=\"prev_month\">&laquo; <strong>M\u00eas Anterior<\/strong><\/span>\r\n\t\t\t\t\t<span class=\"actual_month\">Abril 2026<\/span>\r\n\t\t\t\t\t<span class=\"next_month\"><strong>M\u00eas Seguinte<\/strong> &raquo;<\/span>\r\n\t\t\t\t<\/div>\r\n\t\t\t\r\n\t\t\t\t<div class=\"dp_pec_layout\">\r\n\t\t\t\t\t<a href=\"javascript:void(0);\" class=\"dp_pec_references\">Legenda<\/a>\r\n\t\t\t\t\t<div class=\"dp_pec_references_div\">\r\n\t\t\t\t\t\t<a href=\"javascript:void(0);\" class=\"dp_pec_references_close\">x<\/a>\r\n\t\t\t\t\t\t<div class=\"dp_pec_references_div_sp\">\r\n\t\t\t\t\t\t\t<div class=\"dp_pec_references_color\" style=\"background-color: #66fff7\"><\/div>\r\n\t\t\t\t\t\t\t<div class=\"dp_pec_references_title\">Data Atual<\/div>\r\n\t\t\t\t\t\t\t<div style=\"clear:both;\"><\/div>\r\n\t\t\t\t\t\t<\/div>\r\n\t\t\t\t\t\t<div class=\"dp_pec_references_div_sp\">\r\n\t\t\t\t\t\t\t<div class=\"dp_pec_references_color\" style=\"background-color: #eeff00\"><\/div>\r\n\t\t\t\t\t\t\t<div class=\"dp_pec_references_title\">Per\u00edodo de Inscri\u00e7\u00f5es<\/div>\r\n\t\t\t\t\t\t\t<div style=\"clear:both;\"><\/div>\r\n\t\t\t\t\t\t<\/div>\r\n\t\t\t\t\t\t<div class=\"dp_pec_references_div_sp\">\r\n\t\t\t\t\t\t\t<div class=\"dp_pec_references_color\" style=\"background-color: #aa00ff\"><\/div>\r\n\t\t\t\t\t\t\t<div class=\"dp_pec_references_title\">Montagem dos Times (capit\u00e3es)<\/div>\r\n\t\t\t\t\t\t\t<div style=\"clear:both;\"><\/div>\r\n\t\t\t\t\t\t<\/div>\r\n\t\t\t\t\t\t<div class=\"dp_pec_references_div_sp\">\r\n\t\t\t\t\t\t\t<div class=\"dp_pec_references_color\" style=\"background-color: #ff0000\"><\/div>\r\n\t\t\t\t\t\t\t<div class=\"dp_pec_references_title\">Feriados<\/div>\r\n\t\t\t\t\t\t\t<div style=\"clear:both;\"><\/div>\r\n\t\t\t\t\t\t<\/div>\r\n\t\t\t\t\t\t<div class=\"dp_pec_references_div_sp\">\r\n\t\t\t\t\t\t\t<div class=\"dp_pec_references_color\" style=\"background-color: #ff8c00\"><\/div>\r\n\t\t\t\t\t\t\t<div class=\"dp_pec_references_title\">Divulga\u00e7\u00e3o dos Times e Uniformes (capit\u00e3es)<\/div>\r\n\t\t\t\t\t\t\t<div style=\"clear:both;\"><\/div>\r\n\t\t\t\t\t\t<\/div>\r\n\t\t\t\t\t\t<div class=\"dp_pec_references_div_sp\">\r\n\t\t\t\t\t\t\t<div class=\"dp_pec_references_color\" style=\"background-color: #00ff33\"><\/div>\r\n\t\t\t\t\t\t\t<div class=\"dp_pec_references_title\">In\u00edcio do Torneio - Festa de Abertura<\/div>\r\n\t\t\t\t\t\t\t<div style=\"clear:both;\"><\/div>\r\n\t\t\t\t\t\t<\/div>\r\n\t\t\t\t\t\t<div class=\"dp_pec_references_div_sp\">\r\n\t\t\t\t\t\t\t<div class=\"dp_pec_references_color\" style=\"background-color: #002bff\"><\/div>\r\n\t\t\t\t\t\t\t<div class=\"dp_pec_references_title\">Dias de Jogos<\/div>\r\n\t\t\t\t\t\t\t<div style=\"clear:both;\"><\/div>\r\n\t\t\t\t\t\t<\/div>\r\n\t\t\t\t\t\t<div class=\"dp_pec_references_div_sp\">\r\n\t\t\t\t\t\t\t<div class=\"dp_pec_references_color\" style=\"background-color: #0088ff\"><\/div>\r\n\t\t\t\t\t\t\t<div class=\"dp_pec_references_title\">Abertura da Copa das Confedera\u00e7\u00f5es - Brasil x Jap\u00e3o<\/div>\r\n\t\t\t\t\t\t\t<div style=\"clear:both;\"><\/div>\r\n\t\t\t\t\t\t<\/div>\r\n\t\t\t\t\t\t<div class=\"dp_pec_references_div_sp\">\r\n\t\t\t\t\t\t\t<div class=\"dp_pec_references_color\" style=\"background-color: #067300\"><\/div>\r\n\t\t\t\t\t\t\t<div class=\"dp_pec_references_title\">Finais e Festa de Encerramento<\/div>\r\n\t\t\t\t\t\t\t<div style=\"clear:both;\"><\/div>\r\n\t\t\t\t\t\t<\/div>\r\n\t\t\t\t\t\t<div class=\"dp_pec_references_div_sp\">\r\n\t\t\t\t\t\t\t<div class=\"dp_pec_references_color\" style=\"background-color: #ffbf00\"><\/div>\r\n\t\t\t\t\t\t\t<div class=\"dp_pec_references_title\">Recesso<\/div>\r\n\t\t\t\t\t\t\t<div style=\"clear:both;\"><\/div>\r\n\t\t\t\t\t\t<\/div>\r\n\t\t\t\t\t\t<div class=\"dp_pec_references_div_sp\">\r\n\t\t\t\t\t\t\t<div class=\"dp_pec_references_color\" style=\"background-color: #030303\"><\/div>\r\n\t\t\t\t\t\t\t<div class=\"dp_pec_references_title\">Super Rodada<\/div>\r\n\t\t\t\t\t\t\t<div style=\"clear:both;\"><\/div>\r\n\t\t\t\t\t\t<\/div>\r\n\t\t\t\t\t\t<div class=\"dp_pec_references_div_sp\">\r\n\t\t\t\t\t\t\t<div class=\"dp_pec_references_color\" style=\"background-color: #0022ff\"><\/div>\r\n\t\t\t\t\t\t\t<div class=\"dp_pec_references_title\">Inscri\u00e7\u00f5es Ordin\u00e1rias<\/div>\r\n\t\t\t\t\t\t\t<div style=\"clear:both;\"><\/div>\r\n\t\t\t\t\t\t<\/div>\r\n\t\t\t\t\t\t<div class=\"dp_pec_references_div_sp\">\r\n\t\t\t\t\t\t\t<div class=\"dp_pec_references_color\" style=\"background-color: #f7a223\"><\/div>\r\n\t\t\t\t\t\t\t<div class=\"dp_pec_references_title\">Inscri\u00e7\u00f5es Retardat\u00e1rias<\/div>\r\n\t\t\t\t\t\t\t<div style=\"clear:both;\"><\/div>\r\n\t\t\t\t\t\t<\/div>\r\n\t\t\t\t\t\t<div class=\"dp_pec_references_div_sp\">\r\n\t\t\t\t\t\t\t<div class=\"dp_pec_references_color\" style=\"background-color: #24bf48\"><\/div>\r\n\t\t\t\t\t\t\t<div class=\"dp_pec_references_title\">Defini\u00e7\u00e3o das Equipes<\/div>\r\n\t\t\t\t\t\t\t<div style=\"clear:both;\"><\/div>\r\n\t\t\t\t\t\t<\/div>\r\n\t\t\t\t\t\t<div class=\"dp_pec_references_div_sp\">\r\n\t\t\t\t\t\t\t<div class=\"dp_pec_references_color\" style=\"background-color: #967600\"><\/div>\r\n\t\t\t\t\t\t\t<div class=\"dp_pec_references_title\">Torneio In\u00edcio + Abertura<\/div>\r\n\t\t\t\t\t\t\t<div style=\"clear:both;\"><\/div>\r\n\t\t\t\t\t\t<\/div>\r\n\t\t\t\t\t\t<div class=\"dp_pec_references_div_sp\">\r\n\t\t\t\t\t\t\t<div class=\"dp_pec_references_color\" style=\"background-color: #3781db\"><\/div>\r\n\t\t\t\t\t\t\t<div class=\"dp_pec_references_title\">Redefini\u00e7\u00e3o das Equipes<\/div>\r\n\t\t\t\t\t\t\t<div style=\"clear:both;\"><\/div>\r\n\t\t\t\t\t\t<\/div>\r\n\t\t\t\t\t\t<div class=\"dp_pec_references_div_sp\">\r\n\t\t\t\t\t\t\t<div class=\"dp_pec_references_color\" style=\"background-color: #09ab1c\"><\/div>\r\n\t\t\t\t\t\t\t<div class=\"dp_pec_references_title\">Primeira Fase<\/div>\r\n\t\t\t\t\t\t\t<div style=\"clear:both;\"><\/div>\r\n\t\t\t\t\t\t<\/div>\r\n\t\t\t\t\t\t<div class=\"dp_pec_references_div_sp\">\r\n\t\t\t\t\t\t\t<div class=\"dp_pec_references_color\" style=\"background-color: #ff9169\"><\/div>\r\n\t\t\t\t\t\t\t<div class=\"dp_pec_references_title\">Rodada Tripla + Churrasco<\/div>\r\n\t\t\t\t\t\t\t<div style=\"clear:both;\"><\/div>\r\n\t\t\t\t\t\t<\/div>\r\n\t\t\t\t\t\t<div class=\"dp_pec_references_div_sp\">\r\n\t\t\t\t\t\t\t<div class=\"dp_pec_references_color\" style=\"background-color: #fc0000\"><\/div>\r\n\t\t\t\t\t\t\t<div class=\"dp_pec_references_title\">Semifinal<\/div>\r\n\t\t\t\t\t\t\t<div style=\"clear:both;\"><\/div>\r\n\t\t\t\t\t\t<\/div>\r\n\t\t\t\t\t\t<div class=\"dp_pec_references_div_sp\">\r\n\t\t\t\t\t\t\t<div class=\"dp_pec_references_color\" style=\"background-color: #ffff00\"><\/div>\r\n\t\t\t\t\t\t\t<div class=\"dp_pec_references_title\">Final + Encerramento<\/div>\r\n\t\t\t\t\t\t\t<div style=\"clear:both;\"><\/div>\r\n\t\t\t\t\t\t<\/div>\r\n\t\t\t\t\t<\/div>\r\n\t\t\t\t\t\r\n\t\t\t\t\t<form method=\"post\" class=\"dp_pec_search_form\">\r\n\t\t\t\t\t\t<input type=\"text\" class=\"dp_pec_search\" value=\"Busca...\">\r\n\t\t\t\t\t\t<input type=\"submit\" class=\"no-replace dp_pec_search_go\" value=\"\">\r\n\t\t\t\t\t<\/form>\r\n\t\t\t\t\t<div style=\"clear:both;\"><\/div>\r\n\t\t\t\t<\/div>\r\n\t\t\t\t\r\n\t\t\t\t<div style=\"clear:both;\"><\/div>\r\n\t\t\t\t\r\n\t\t\t\t<div class=\"dp_pec_content\">\r\n\t\t\t\t\t\r\n\t\t\t     <div class=\"dp_pec_dayname\">\r\n\t\t\t\t\t\t<span>Domingo<\/span>\r\n\t\t\t\t <\/div>\r\n\t\t\t\t <div class=\"dp_pec_dayname\">\r\n\t\t\t\t\t\t<span>Segunda<\/span>\r\n\t\t\t\t <\/div>\r\n\t\t\t\t <div class=\"dp_pec_dayname\">\r\n\t\t\t\t\t\t<span>Ter\u00e7a<\/span>\r\n\t\t\t\t <\/div>\r\n\t\t\t\t <div class=\"dp_pec_dayname\">\r\n\t\t\t\t\t\t<span>Quarta<\/span>\r\n\t\t\t\t <\/div>\r\n\t\t\t\t <div class=\"dp_pec_dayname\">\r\n\t\t\t\t\t\t<span>Quinta<\/span>\r\n\t\t\t\t <\/div>\r\n\t\t\t\t <div class=\"dp_pec_dayname\">\r\n\t\t\t\t\t\t<span>Sexta<\/span>\r\n\t\t\t\t <\/div>\r\n\t\t\t\t <div class=\"dp_pec_dayname\">\r\n\t\t\t\t\t\t<span>S\u00e1bado<\/span>\r\n\t\t\t\t <\/div>\r\n\t\t\t\t \r\n\t\t\t\t\t\t<div class=\"dp_pec_date disabled\">\r\n\t\t\t\t\t\t\t<div class=\"dp_date_head\"><span>29<\/span><\/div>\r\n\t\t\t\t\t\t<\/div>\r\n\t\t\t\t\t\t<div class=\"dp_pec_date disabled\">\r\n\t\t\t\t\t\t\t<div class=\"dp_date_head\"><span>30<\/span><\/div>\r\n\t\t\t\t\t\t<\/div>\r\n\t\t\t\t\t\t<div class=\"dp_pec_date disabled\">\r\n\t\t\t\t\t\t\t<div class=\"dp_date_head\"><span>31<\/span><\/div>\r\n\t\t\t\t\t\t<\/div>\r\n\t\t\t\t\t<div class=\"dp_pec_date\" data-dppec-date=\"2026-04-01\" >\r\n\t\t\t\t\t\t<div class=\"dp_date_head\"><span>1<\/span><\/div>\r\n\t\t\t\t\t\t\r\n\t\t\t\t\t\t\r\n\t\t\t\t\t<\/div>\r\n\t\t\t\t\t<div class=\"dp_pec_date\" data-dppec-date=\"2026-04-02\" >\r\n\t\t\t\t\t\t<div class=\"dp_date_head\"><span>2<\/span><\/div>\r\n\t\t\t\t\t\t\r\n\t\t\t\t\t\t\r\n\t\t\t\t\t<\/div>\r\n\t\t\t\t\t<div class=\"dp_pec_date\" data-dppec-date=\"2026-04-03\" >\r\n\t\t\t\t\t\t<div class=\"dp_date_head\"><span>3<\/span><\/div>\r\n\t\t\t\t\t\t\r\n\t\t\t\t\t\t\r\n\t\t\t\t\t<\/div>\r\n\t\t\t\t\t<div class=\"dp_pec_date\" data-dppec-date=\"2026-04-04\" >\r\n\t\t\t\t\t\t<div class=\"dp_date_head\"><span>4<\/span><\/div>\r\n\t\t\t\t\t\t\r\n\t\t\t\t\t\t\r\n\t\t\t\t\t<\/div>\r\n\t\t\t\t\t<div class=\"dp_pec_date\" data-dppec-date=\"2026-04-05\" >\r\n\t\t\t\t\t\t<div class=\"dp_date_head\"><span>5<\/span><\/div>\r\n\t\t\t\t\t\t\r\n\t\t\t\t\t\t\r\n\t\t\t\t\t<\/div>\r\n\t\t\t\t\t<div class=\"dp_pec_date\" data-dppec-date=\"2026-04-06\" >\r\n\t\t\t\t\t\t<div class=\"dp_date_head\"><span>6<\/span><\/div>\r\n\t\t\t\t\t\t\r\n\t\t\t\t\t\t\r\n\t\t\t\t\t<\/div>\r\n\t\t\t\t\t<div class=\"dp_pec_date\" data-dppec-date=\"2026-04-07\" >\r\n\t\t\t\t\t\t<div class=\"dp_date_head\"><span>7<\/span><\/div>\r\n\t\t\t\t\t\t\r\n\t\t\t\t\t\t\r\n\t\t\t\t\t<\/div>\r\n\t\t\t\t\t<div class=\"dp_pec_date\" data-dppec-date=\"2026-04-08\" >\r\n\t\t\t\t\t\t<div class=\"dp_date_head\"><span>8<\/span><\/div>\r\n\t\t\t\t\t\t\r\n\t\t\t\t\t\t\r\n\t\t\t\t\t<\/div>\r\n\t\t\t\t\t<div class=\"dp_pec_date\" data-dppec-date=\"2026-04-09\" >\r\n\t\t\t\t\t\t<div class=\"dp_date_head\"><span>9<\/span><\/div>\r\n\t\t\t\t\t\t\r\n\t\t\t\t\t\t\r\n\t\t\t\t\t<\/div>\r\n\t\t\t\t\t<div class=\"dp_pec_date\" data-dppec-date=\"2026-04-10\" >\r\n\t\t\t\t\t\t<div class=\"dp_date_head\"><span>10<\/span><\/div>\r\n\t\t\t\t\t\t\r\n\t\t\t\t\t\t\r\n\t\t\t\t\t<\/div>\r\n\t\t\t\t\t<div class=\"dp_pec_date\" data-dppec-date=\"2026-04-11\" >\r\n\t\t\t\t\t\t<div class=\"dp_date_head\"><span>11<\/span><\/div>\r\n\t\t\t\t\t\t\r\n\t\t\t\t\t\t\r\n\t\t\t\t\t<\/div>\r\n\t\t\t\t\t<div class=\"dp_pec_date\" data-dppec-date=\"2026-04-12\" >\r\n\t\t\t\t\t\t<div class=\"dp_date_head\"><span>12<\/span><\/div>\r\n\t\t\t\t\t\t\r\n\t\t\t\t\t\t\r\n\t\t\t\t\t<\/div>\r\n\t\t\t\t\t<div class=\"dp_pec_date\" data-dppec-date=\"2026-04-13\" >\r\n\t\t\t\t\t\t<div class=\"dp_date_head\"><span>13<\/span><\/div>\r\n\t\t\t\t\t\t\r\n\t\t\t\t\t\t\r\n\t\t\t\t\t<\/div>\r\n\t\t\t\t\t<div class=\"dp_pec_date\" data-dppec-date=\"2026-04-14\" >\r\n\t\t\t\t\t\t<div class=\"dp_date_head\"><span>14<\/span><\/div>\r\n\t\t\t\t\t\t\r\n\t\t\t\t\t\t\r\n\t\t\t\t\t<\/div>\r\n\t\t\t\t\t<div class=\"dp_pec_date\" data-dppec-date=\"2026-04-15\" >\r\n\t\t\t\t\t\t<div class=\"dp_date_head\"><span>15<\/span><\/div>\r\n\t\t\t\t\t\t\r\n\t\t\t\t\t\t\r\n\t\t\t\t\t<\/div>\r\n\t\t\t\t\t<div class=\"dp_pec_date\" data-dppec-date=\"2026-04-16\" >\r\n\t\t\t\t\t\t<div class=\"dp_date_head\"><span>16<\/span><\/div>\r\n\t\t\t\t\t\t\r\n\t\t\t\t\t\t\r\n\t\t\t\t\t<\/div>\r\n\t\t\t\t\t<div class=\"dp_pec_date\" data-dppec-date=\"2026-04-17\" >\r\n\t\t\t\t\t\t<div class=\"dp_date_head\"><span>17<\/span><\/div>\r\n\t\t\t\t\t\t\r\n\t\t\t\t\t\t\r\n\t\t\t\t\t<\/div>\r\n\t\t\t\t\t<div class=\"dp_pec_date\" data-dppec-date=\"2026-04-18\" >\r\n\t\t\t\t\t\t<div class=\"dp_date_head\"><span>18<\/span><\/div>\r\n\t\t\t\t\t\t\r\n\t\t\t\t\t\t\r\n\t\t\t\t\t<\/div>\r\n\t\t\t\t\t<div class=\"dp_pec_date\" data-dppec-date=\"2026-04-19\" style='background-color: #66fff7;' >\r\n\t\t\t\t\t\t<div class=\"dp_date_head\"><span>19<\/span><\/div>\r\n\t\t\t\t\t\t\r\n\t\t\t\t\t\t\r\n\t\t\t\t\t<\/div>\r\n\t\t\t\t\t<div class=\"dp_pec_date\" data-dppec-date=\"2026-04-20\" >\r\n\t\t\t\t\t\t<div class=\"dp_date_head\"><span>20<\/span><\/div>\r\n\t\t\t\t\t\t\r\n\t\t\t\t\t\t\r\n\t\t\t\t\t<\/div>\r\n\t\t\t\t\t<div class=\"dp_pec_date\" data-dppec-date=\"2026-04-21\" >\r\n\t\t\t\t\t\t<div class=\"dp_date_head\"><span>21<\/span><\/div>\r\n\t\t\t\t\t\t\r\n\t\t\t\t\t\t\r\n\t\t\t\t\t<\/div>\r\n\t\t\t\t\t<div class=\"dp_pec_date\" data-dppec-date=\"2026-04-22\" >\r\n\t\t\t\t\t\t<div class=\"dp_date_head\"><span>22<\/span><\/div>\r\n\t\t\t\t\t\t\r\n\t\t\t\t\t\t\r\n\t\t\t\t\t<\/div>\r\n\t\t\t\t\t<div class=\"dp_pec_date\" data-dppec-date=\"2026-04-23\" >\r\n\t\t\t\t\t\t<div class=\"dp_date_head\"><span>23<\/span><\/div>\r\n\t\t\t\t\t\t\r\n\t\t\t\t\t\t\r\n\t\t\t\t\t<\/div>\r\n\t\t\t\t\t<div class=\"dp_pec_date\" data-dppec-date=\"2026-04-24\" >\r\n\t\t\t\t\t\t<div class=\"dp_date_head\"><span>24<\/span><\/div>\r\n\t\t\t\t\t\t\r\n\t\t\t\t\t\t\r\n\t\t\t\t\t<\/div>\r\n\t\t\t\t\t<div class=\"dp_pec_date\" data-dppec-date=\"2026-04-25\" >\r\n\t\t\t\t\t\t<div class=\"dp_date_head\"><span>25<\/span><\/div>\r\n\t\t\t\t\t\t\r\n\t\t\t\t\t\t\r\n\t\t\t\t\t<\/div>\r\n\t\t\t\t\t<div class=\"dp_pec_date\" data-dppec-date=\"2026-04-26\" >\r\n\t\t\t\t\t\t<div class=\"dp_date_head\"><span>26<\/span><\/div>\r\n\t\t\t\t\t\t\r\n\t\t\t\t\t\t\r\n\t\t\t\t\t<\/div>\r\n\t\t\t\t\t<div class=\"dp_pec_date\" data-dppec-date=\"2026-04-27\" >\r\n\t\t\t\t\t\t<div class=\"dp_date_head\"><span>27<\/span><\/div>\r\n\t\t\t\t\t\t\r\n\t\t\t\t\t\t\r\n\t\t\t\t\t<\/div>\r\n\t\t\t\t\t<div class=\"dp_pec_date\" data-dppec-date=\"2026-04-28\" >\r\n\t\t\t\t\t\t<div class=\"dp_date_head\"><span>28<\/span><\/div>\r\n\t\t\t\t\t\t\r\n\t\t\t\t\t\t\r\n\t\t\t\t\t<\/div>\r\n\t\t\t\t\t<div class=\"dp_pec_date\" data-dppec-date=\"2026-04-29\" >\r\n\t\t\t\t\t\t<div class=\"dp_date_head\"><span>29<\/span><\/div>\r\n\t\t\t\t\t\t\r\n\t\t\t\t\t\t\r\n\t\t\t\t\t<\/div>\r\n\t\t\t\t\t<div class=\"dp_pec_date\" data-dppec-date=\"2026-04-30\" >\r\n\t\t\t\t\t\t<div class=\"dp_date_head\"><span>30<\/span><\/div>\r\n\t\t\t\t\t\t\r\n\t\t\t\t\t\t\r\n\t\t\t\t\t<\/div>\r\n\t\t\t\t\t\t<div class=\"dp_pec_date disabled\">\r\n\t\t\t\t\t\t\t<div class=\"dp_date_head\"><span>1<\/span><\/div>\r\n\t\t\t\t\t\t<\/div>\r\n\t\t\t\t\t\t<div class=\"dp_pec_date disabled\">\r\n\t\t\t\t\t\t\t<div class=\"dp_date_head\"><span>2<\/span><\/div>\r\n\t\t\t\t\t\t<\/div>\r\n\t\t\t\t\t\t\t\t\r\n\t\t\t\t<\/div>\r\n\t\t\t<\/div>\n","protected":false},"excerpt":{"rendered":"","protected":false},"author":1,"featured_media":0,"parent":0,"menu_order":0,"comment_status":"closed","ping_status":"closed","template":"","meta":{"ngg_post_thumbnail":0},"_links":{"self":[{"href":"https:\/\/entidadesintegradasdf.org.br\/adeboleiros\/wp-json\/wp\/v2\/pages\/55"}],"collection":[{"href":"https:\/\/entidadesintegradasdf.org.br\/adeboleiros\/wp-json\/wp\/v2\/pages"}],"about":[{"href":"https:\/\/entidadesintegradasdf.org.br\/adeboleiros\/wp-json\/wp\/v2\/types\/page"}],"author":[{"embeddable":true,"href":"https:\/\/entidadesintegradasdf.org.br\/adeboleiros\/wp-json\/wp\/v2\/users\/1"}],"replies":[{"embeddable":true,"href":"https:\/\/entidadesintegradasdf.org.br\/adeboleiros\/wp-json\/wp\/v2\/comments?post=55"}],"version-history":[{"count":28,"href":"https:\/\/entidadesintegradasdf.org.br\/adeboleiros\/wp-json\/wp\/v2\/pages\/55\/revisions"}],"predecessor-version":[{"id":57,"href":"https:\/\/entidadesintegradasdf.org.br\/adeboleiros\/wp-json\/wp\/v2\/pages\/55\/revisions\/57"}],"wp:attachment":[{"href":"https:\/\/entidadesintegradasdf.org.br\/adeboleiros\/wp-json\/wp\/v2\/media?parent=55"}],"curies":[{"name":"wp","href":"https:\/\/api.w.org\/{rel}","templated":true}]}}