{"id":4494,"date":"2015-09-03T15:58:24","date_gmt":"2015-09-03T18:58:24","guid":{"rendered":"http:\/\/adeboleiros.com.br\/?page_id=4494"},"modified":"2015-09-29T11:48:23","modified_gmt":"2015-09-29T14:48:23","slug":"cronicas","status":"publish","type":"page","link":"https:\/\/entidadesintegradasdf.org.br\/adeboleiros\/cronicas\/","title":{"rendered":"Cr\u00f4nicas"},"content":{"rendered":"<ol>\n<li><strong><a style=\"font-family: verdana; font-size: 16px; color: #ff0000;\" href=\"http:\/\/adeboleiros.com.br\/files\/AND_THE%20GAMES_BEGIN.pdf\" target=\"_blank\">AND THE GAME BEGINS<\/a><\/strong><\/li>\n<li><strong><a style=\"font-family: verdana; font-size: 16px; color: #0e53a7;\" href=\"http:\/\/adeboleiros.com.br\/files\/cronica2.pdf\" target=\"_blank\">4\u00d71 PR\u00c1 CA\u2026 4X1 PR\u00c1 L\u00c1<\/a><\/strong><\/li>\n<li><strong><a style=\"font-family: verdana; font-size: 16px; color: #ff0000;\" href=\"http:\/\/adeboleiros.com.br\/files\/cronica_3.pdf\" target=\"_blank\">BARBADAS E SURPRESAS<\/a><\/strong><\/li>\n<li><strong><a style=\"font-family: verdana; font-size: 16px; color: #0e53a7;\" href=\"http:\/\/adeboleiros.com.br\/files\/cronica4.pdf\" target=\"_blank\">Gera\u00e7\u00e3o Y<\/a><\/strong><\/li>\n<li><strong><a style=\"font-family: verdana; font-size: 16px; color: #ff0000;\" href=\"http:\/\/adeboleiros.com.br\/files\/cronica_5.pdf\" target=\"_blank\">Pintou o Campe\u00e3o<\/a><\/strong><\/li>\n<\/ol>\n","protected":false},"excerpt":{"rendered":"<p>AND THE GAME BEGINS 4\u00d71 PR\u00c1 CA\u2026 4X1 PR\u00c1 L\u00c1 BARBADAS E SURPRESAS Gera\u00e7\u00e3o Y Pintou o Campe\u00e3o<\/p>\n","protected":false},"author":5,"featured_media":0,"parent":0,"menu_order":0,"comment_status":"closed","ping_status":"closed","template":"","meta":{"ngg_post_thumbnail":0},"_links":{"self":[{"href":"https:\/\/entidadesintegradasdf.org.br\/adeboleiros\/wp-json\/wp\/v2\/pages\/4494"}],"collection":[{"href":"https:\/\/entidadesintegradasdf.org.br\/adeboleiros\/wp-json\/wp\/v2\/pages"}],"about":[{"href":"https:\/\/entidadesintegradasdf.org.br\/adeboleiros\/wp-json\/wp\/v2\/types\/page"}],"author":[{"embeddable":true,"href":"https:\/\/entidadesintegradasdf.org.br\/adeboleiros\/wp-json\/wp\/v2\/users\/5"}],"replies":[{"embeddable":true,"href":"https:\/\/entidadesintegradasdf.org.br\/adeboleiros\/wp-json\/wp\/v2\/comments?post=4494"}],"version-history":[{"count":14,"href":"https:\/\/entidadesintegradasdf.org.br\/adeboleiros\/wp-json\/wp\/v2\/pages\/4494\/revisions"}],"predecessor-version":[{"id":4498,"href":"https:\/\/entidadesintegradasdf.org.br\/adeboleiros\/wp-json\/wp\/v2\/pages\/4494\/revisions\/4498"}],"wp:attachment":[{"href":"https:\/\/entidadesintegradasdf.org.br\/adeboleiros\/wp-json\/wp\/v2\/media?parent=4494"}],"curies":[{"name":"wp","href":"https:\/\/api.w.org\/{rel}","templated":true}]}}