{"id":4318,"date":"2015-07-07T14:27:47","date_gmt":"2015-07-07T17:27:47","guid":{"rendered":"http:\/\/adeboleiros.com.br\/?page_id=4318"},"modified":"2015-09-05T16:43:38","modified_gmt":"2015-09-05T19:43:38","slug":"torneio-inicio-2","status":"publish","type":"page","link":"https:\/\/entidadesintegradasdf.org.br\/adeboleiros\/adeboleiros-2015\/torneio-inicio-2\/","title":{"rendered":"Torneio In\u00edcio"},"content":{"rendered":"<p><a href=\"http:\/\/entidadesintegradasdf.org.br\/adeboleiros\/wp-content\/uploads\/2015\/07\/622_139bd7a1-ab23-3722-956d-303e517fcfed.jpg\"><img class=\"aligncenter size-medium wp-image-4310\" alt=\"622_139bd7a1-ab23-3722-956d-303e517fcfed\" src=\"http:\/\/entidadesintegradasdf.org.br\/adeboleiros\/wp-content\/uploads\/2015\/07\/622_139bd7a1-ab23-3722-956d-303e517fcfed-300x168.jpg\" width=\"100%\" srcset=\"https:\/\/entidadesintegradasdf.org.br\/adeboleiros\/wp-content\/uploads\/2015\/07\/622_139bd7a1-ab23-3722-956d-303e517fcfed-300x168.jpg 300w, https:\/\/entidadesintegradasdf.org.br\/adeboleiros\/wp-content\/uploads\/2015\/07\/622_139bd7a1-ab23-3722-956d-303e517fcfed.jpg 622w\" sizes=\"(max-width: 300px) 100vw, 300px\" \/><\/a><br \/>\n<div class=\"clear\"><\/div><div class=\"divider\"><\/div>\n\n\t<script type=\"text\/javascript\">\tjQuery(document).ready(function($){\tjQuery(\"ul.tabs-nav\").tabs(\"> .pane\"); }); <\/script>\n\n\t\t<div class=\"post-tabs\">\n\t\t\n<ul class=\"tabs-nav\">\n<li>Regulamento<\/li>\n<li>Informa\u00e7\u00f5es Gerais<\/li>\n<\/ul>\n\n\t\t<div class=\"pane\">\n\t\t\n<a href=\" http:\/\/adeboleiros.com.br\/files\/regulamento_torneio_inicio.pdf\" target=\"_blank\" class=\"button big blue\">Clique aqui para baixar<\/a>\n\n\t\t<\/div>\n\t\n\n\t\t<div class=\"pane\">\n\t\t\n<p><!--Resultados dos Jogos - Modulo Informa\u00e7\u00f5es Gerais--><\/p>\n<table width=\"405\" class=\"wcup\">\n<caption><!--Conte\u00fado aqui --><\/caption>\n<thead>\n<tr>\n<th class=\"tcenter\" colspan=\"6\">Rodada<\/th>\n<\/tr>\n<\/thead>\n<tbody>\n<tr class=\"odd\">\n<td width=\"43\"><\/span><img loading=\"lazy\" src=\"https:\/\/img.futbox.com\/v1\/9d2\/6a6\/58b\/0fb\/8f8df44f8f1a4595d500.png\" alt=\"Camar\u00f5es\" width=\"32\"  height=\"32\"\/><\/td>\n<td width=\"93\" align=\"center\" class=\"\"><a title=\"Cro\u00e1cia\">CHELSEA<\/a><\/td>\n<td width=\"29\" class=\"\"><a title=\"Cro\u00e1cia\">0<\/a><\/td>\n<td width=\"29\" align=\"right\" class=\"\"><a title=\"Cro\u00e1cia\">3<\/a><\/td>\n<td width=\"151\" align=\"center\" class=\"\"><a title=\"Cro\u00e1cia\">TOTTENHAM<\/a><\/td>\n<td width=\"32\" class=\"\"><img loading=\"lazy\" src=\"https:\/\/img.futbox.com\/v1\/9d2\/6a6\/58b\/0fb\/8f8df44f8f1a4595d500.png\" alt=\"Camar\u00f5es\" width=\"32\"  height=\"32\"\/><\/td>\n<\/tr>\n<tr class=\"odd\">\n<td width=\"43\"><\/span><img loading=\"lazy\" src=\"https:\/\/images.forwallpaper.com\/files\/thumbs\/preview\/19\/193884__liverpool-liverpool-football-soccer-flag_p.jpg\" alt=\"Camar\u00f5es\" width=\"32\"  height=\"32\"\/><\/td>\n<td width=\"93\" align=\"center\" class=\"\"><a title=\"Cro\u00e1cia\">LIVERPOOL<\/a><\/td>\n<td width=\"29\" class=\"\"><a title=\"Cro\u00e1cia\">1\/1P<\/a><\/td>\n<td width=\"29\" align=\"right\" class=\"\"><a title=\"Cro\u00e1cia\">1\/0P<\/a><\/td>\n<td width=\"151\" align=\"center\" class=\"\"><a title=\"Cro\u00e1cia\">MANCHESTER CITY<\/a><\/td>\n<td width=\"32\" class=\"\"><img loading=\"lazy\" src=\"https:\/\/www.jogospuzzle.com\/imatjes\/escudo-de-manchester-city_4ab217beea2b9-p.jpg\" alt=\"Camar\u00f5es\" width=\"32\"  height=\"32\"\/><\/td>\n<\/tr>\n<tr class=\"odd\">\n<td width=\"43\"><\/span><img loading=\"lazy\" src=\"https:\/\/www.jogospuzzle.com\/imatjes\/bandeira-de-arsenal-f-c_4ab330d546080-p.jpg\" alt=\"Camar\u00f5es\" width=\"32\"  height=\"32\"\/><\/td>\n<td width=\"93\" align=\"center\" class=\"\"><a title=\"Cro\u00e1cia\">ARSENAL<\/a><\/td>\n<td width=\"29\" class=\"\"><a title=\"Cro\u00e1cia\">1<\/a><\/td>\n<td width=\"29\" align=\"right\" class=\"\"><a title=\"Cro\u00e1cia\">0<\/a><\/td>\n<td width=\"151\" align=\"center\" class=\"\"><a title=\"Cro\u00e1cia\">MANCHESTER UNITED<\/a><\/td>\n<td width=\"32\" class=\"\"><img loading=\"lazy\" src=\"https:\/\/files.federationeuropeansoccer.webnode.com.br\/200000013-659d766981\/Manchester%20United.jpg\" alt=\"Camar\u00f5es\" width=\"32\"  height=\"32\"\/><\/td>\n<\/tr>\n<\/tbody>\n<\/table>\n<table width=\"405\" class=\"wcup\">\n<caption>\n    <!--Conte\u00fado aqui --><br \/>\n  <\/caption>\n<thead>\n<tr>\n<th class=\"tcenter\" colspan=\"6\">Semifinal<\/th>\n<\/tr>\n<\/thead>\n<tbody>\n<tr class=\"odd\">\n<td width=\"44\"><\/span><img loading=\"lazy\" src=\"https:\/\/www.jogospuzzle.com\/imatjes\/bandeira-de-arsenal-f-c_4ab330d546080-p.jpg\" alt=\"Camar\u00f5es\" width=\"32\"  height=\"32\"\/><\/td>\n<td width=\"97\" align=\"center\" class=\"\"><a title=\"Cro\u00e1cia\">ARSENAL<\/a><\/td>\n<td width=\"29\" align=\"center\" class=\"\"><a title=\"Cro\u00e1cia\">1<\/a><\/td>\n<td width=\"29\" align=\"right\" class=\"\"><a title=\"Cro\u00e1cia\">3<\/a><\/td>\n<td width=\"146\" align=\"center\" class=\"\"><a title=\"Cro\u00e1cia\">LIVERPOOL<\/a><\/td>\n<td width=\"32\" class=\"\"><img loading=\"lazy\" src=\"https:\/\/images.forwallpaper.com\/files\/thumbs\/preview\/19\/193884__liverpool-liverpool-football-soccer-flag_p.jpg\" alt=\"Camar\u00f5es\" width=\"32\"  height=\"32\"\/><\/td>\n<\/tr>\n<tr class=\"odd\">\n<td width=\"44\"><\/span><img loading=\"lazy\" src=\"https:\/\/img.futbox.com\/v1\/9d2\/6a6\/58b\/0fb\/8f8df44f8f1a4595d500.png\" alt=\"Camar\u00f5es\" width=\"32\"  height=\"32\"\/><\/td>\n<td width=\"97\" align=\"center\" class=\"\"><a title=\"Cro\u00e1cia\">TOTTENHAM<\/a><\/td>\n<td width=\"29\" align=\"center\" class=\"\"><a title=\"Cro\u00e1cia\">1\/1P<\/a><\/td>\n<td width=\"29\" align=\"right\" class=\"\"><a href=\"#\" title=\"Cro\u00e1cia\">1\/0P<\/a><\/td>\n<td width=\"146\" align=\"center\" class=\"\"><a title=\"Cro\u00e1cia\">MANCHESTER CITY<\/a><\/td>\n<td width=\"32\" class=\"\"><img loading=\"lazy\" src=\"https:\/\/www.jogospuzzle.com\/imatjes\/escudo-de-manchester-city_4ab217beea2b9-p.jpg\" alt=\"Camar\u00f5es\" width=\"32\"  height=\"32\"\/><\/td>\n<\/tr>\n<\/tbody>\n<\/table>\n<table width=\"405\" class=\"wcup\">\n<caption>\n    <!--Conte\u00fado aqui --><br \/>\n  <\/caption>\n<thead>\n<tr>\n<th class=\"tcenter\" colspan=\"6\">Final<\/th>\n<\/tr>\n<\/thead>\n<tbody>\n<tr class=\"odd\">\n<td width=\"50\"><\/span><img loading=\"lazy\" src=\"https:\/\/img.futbox.com\/v1\/9d2\/6a6\/58b\/0fb\/8f8df44f8f1a4595d500.png\" alt=\"Camar\u00f5es\" width=\"32\"  height=\"32\"\/><\/td>\n<td width=\"106\" class=\"\"><a title=\"Cro\u00e1cia\">TOTTENHAM<\/a><\/td>\n<td width=\"17\" class=\"\"><a title=\"Cro\u00e1cia\">2<\/a><\/td>\n<td width=\"14\" align=\"right\" class=\"\"><a title=\"Cro\u00e1cia\">0<\/a><\/td>\n<td width=\"158\" class=\"\"><a title=\"Cro\u00e1cia\">LIVERPOOL<\/a><\/td>\n<td width=\"32\" class=\"\"><img loading=\"lazy\" src=\"https:\/\/images.forwallpaper.com\/files\/thumbs\/preview\/19\/193884__liverpool-liverpool-football-soccer-flag_p.jpg\" alt=\"Camar\u00f5es\" width=\"32\"  height=\"32\"\/><\/td>\n<\/tr>\n<\/tbody>\n<\/table>\n<table width=\"405\" class=\"wcup\">\n<caption>\n    <!--Conte\u00fado aqui --><br \/>\n  <\/caption>\n<thead>\n<tr>\n<th class=\"tcenter\" colspan=\"5\">Campe\u00e3o<\/th>\n<\/tr>\n<\/thead>\n<tbody>\n<tr class=\"odd\">\n<td width=\"98\" align=\"center\" class=\"\">\n<p align=\"center\"><a title=\"Cro\u00e1cia\">TOTTENHAM<\/a><\/p>\n<\/td>\n<\/tr>\n<\/tbody>\n<\/table>\n<table width=\"405\" class=\"wcup\">\n<caption>\n    <!--Conte\u00fado aqui --><br \/>\n  <\/caption>\n<thead>\n<tr>\n<th class=\"tcenter\" colspan=\"5\">Vice Campe\u00e3o<\/th>\n<\/tr>\n<\/thead>\n<tbody>\n<tr class=\"odd\">\n<td width=\"98\" align=\"center\" class=\"\">\n<p align=\"center\"><a title=\"Cro\u00e1cia\">LIVERPOOL<\/a><\/p>\n<\/td>\n<\/tr>\n<\/tbody>\n<\/table>\n<table width=\"405\" class=\"wcup\">\n<caption>\n    <!--Conte\u00fado aqui --><br \/>\n  <\/caption>\n<thead>\n<tr>\n<th class=\"tcenter\" colspan=\"5\">3\u00ba Lugar<\/th>\n<\/tr>\n<\/thead>\n<tbody>\n<tr class=\"odd\">\n<td width=\"98\" align=\"center\" class=\"\">\n<p align=\"center\"><a title=\"Cro\u00e1cia\">MANCHESTER CITY<\/a><\/p>\n<\/td>\n<\/tr>\n<\/tbody>\n<\/table>\n<p><!--FIM Resultados dos Jogos - M\u00f3dulo Informa\u00e7\u00f5es Gerais--><br \/>\n\n\t\t<\/div>\n\t\n<p><em id=\"__mceDel\"> \n\t\t<\/div>\n\t<\/em><\/p>\n<p align=\"center\"><b><span style=\"text-decoration: underline;\">\u00a0<\/span><\/b><\/p>\n","protected":false},"excerpt":{"rendered":"<p>\u00a0<\/p>\n","protected":false},"author":1,"featured_media":0,"parent":4316,"menu_order":0,"comment_status":"closed","ping_status":"closed","template":"","meta":{"ngg_post_thumbnail":0},"_links":{"self":[{"href":"https:\/\/entidadesintegradasdf.org.br\/adeboleiros\/wp-json\/wp\/v2\/pages\/4318"}],"collection":[{"href":"https:\/\/entidadesintegradasdf.org.br\/adeboleiros\/wp-json\/wp\/v2\/pages"}],"about":[{"href":"https:\/\/entidadesintegradasdf.org.br\/adeboleiros\/wp-json\/wp\/v2\/types\/page"}],"author":[{"embeddable":true,"href":"https:\/\/entidadesintegradasdf.org.br\/adeboleiros\/wp-json\/wp\/v2\/users\/1"}],"replies":[{"embeddable":true,"href":"https:\/\/entidadesintegradasdf.org.br\/adeboleiros\/wp-json\/wp\/v2\/comments?post=4318"}],"version-history":[{"count":39,"href":"https:\/\/entidadesintegradasdf.org.br\/adeboleiros\/wp-json\/wp\/v2\/pages\/4318\/revisions"}],"predecessor-version":[{"id":4612,"href":"https:\/\/entidadesintegradasdf.org.br\/adeboleiros\/wp-json\/wp\/v2\/pages\/4318\/revisions\/4612"}],"up":[{"embeddable":true,"href":"https:\/\/entidadesintegradasdf.org.br\/adeboleiros\/wp-json\/wp\/v2\/pages\/4316"}],"wp:attachment":[{"href":"https:\/\/entidadesintegradasdf.org.br\/adeboleiros\/wp-json\/wp\/v2\/media?parent=4318"}],"curies":[{"name":"wp","href":"https:\/\/api.w.org\/{rel}","templated":true}]}}