{"id":4143,"date":"2014-07-29T10:20:19","date_gmt":"2014-07-29T13:20:19","guid":{"rendered":"http:\/\/adeboleiros.com.br\/?page_id=4143"},"modified":"2014-10-15T19:01:15","modified_gmt":"2014-10-15T22:01:15","slug":"equipes","status":"publish","type":"page","link":"https:\/\/entidadesintegradasdf.org.br\/adeboleiros\/adeboleiros-2014\/equipes\/","title":{"rendered":"Equipes"},"content":{"rendered":"<h1 class=\"post-title\"><img alt=\"\" src=\"http:\/\/adeboleiros.com.br\/\/\/wp-content\/uploads\/2014\/07\/camaroes.png\" \/> CAMAR\u00d5ES<\/h1>\n<table width=\"382\" border=\"0\" cellspacing=\"0\" cellpadding=\"0\">\n<tbody>\n<tr>\n<td dir=\"LTR\" width=\"382\" height=\"21\">\u00a0<strong>09<\/strong> &#8211;<strong> Gerson<\/strong> de Sales \u00a9<\/td>\n<\/tr>\n<tr>\n<td height=\"20\">\u00a0<strong>08 &#8211;\u00a0<\/strong>Ant\u00f4nio Marcos Louren\u00e7o Teixeira <strong>(Marquinhos)<\/strong><\/td>\n<\/tr>\n<tr>\n<td height=\"20\">\u00a0<strong>07<\/strong> &#8211; <strong>Vin\u00edcius<\/strong> de Oliveira Lima<\/td>\n<\/tr>\n<tr>\n<td height=\"20\">\u00a0<strong>02<\/strong> &#8211; Rafael Erthal Correa de S\u00e1 <strong>(Astroboy)<\/strong><\/td>\n<\/tr>\n<tr>\n<td height=\"20\">\u00a0<strong>16<\/strong> &#8211; <strong>Alysson<\/strong> Cley Guimar\u00e3es de Matos<\/td>\n<\/tr>\n<tr>\n<td height=\"20\">\u00a0<strong>17<\/strong> &#8211; Thiago <strong>Marcantonio<\/strong> Ferreira<\/td>\n<\/tr>\n<tr>\n<td height=\"20\">\u00a0<strong>14<\/strong> &#8211; <strong>Cleto<\/strong> Galdino da Silva Filho<\/td>\n<\/tr>\n<tr>\n<td height=\"20\">\u00a0<strong>19<\/strong> &#8211;\u00a0<strong> Marcelo<\/strong> Mesquita <strong>Guerra<\/strong><\/td>\n<\/tr>\n<tr>\n<td height=\"20\">\u00a0<strong>05<\/strong> &#8211; <strong>Victor Dan<\/strong> de Alencar Alves<\/td>\n<\/tr>\n<tr>\n<td height=\"20\">\u00a0<strong>18<\/strong> &#8211; Dion\u00edzio Gon\u00e7alves Mota J\u00fanior <strong>(Motinha)<\/strong><\/td>\n<\/tr>\n<tr>\n<td height=\"20\"><strong>\u00a004<\/strong> &#8211; <strong>M\u00e1rio<\/strong> Gomes da N\u00f3brega <strong>(Tot\u00f3)<\/strong><\/td>\n<\/tr>\n<tr>\n<td height=\"20\">\u00a0<strong>1<\/strong><span style=\"line-height: 19px;\"><strong>1<\/strong> &#8211; Kleber Luiz da Silva Junior <strong>(Klebinho)<\/strong><\/span><\/td>\n<\/tr>\n<tr>\n<td height=\"20\">\u00a0<strong>10<\/strong> &#8211;<strong>\u00a0Yandry<\/strong> Alexandre Cavalcante Guedes<\/td>\n<\/tr>\n<tr>\n<td height=\"20\">\u00a0<strong>03<\/strong> &#8211; <strong>Renivaldo<\/strong> Souza de Lima<\/td>\n<\/tr>\n<\/tbody>\n<\/table>\n<p><img style=\"font-size: 2em;\" alt=\"\" src=\"http:\/\/adeboleiros.com.br\/\/\/wp-content\/uploads\/2014\/07\/espanha.png\" \/><span style=\"font-size: 2em;\">ESPANHA<\/span><\/p>\n<table width=\"386\" border=\"0\" cellspacing=\"0\" cellpadding=\"0\">\n<colgroup>\n<col width=\"386\" \/> <\/colgroup>\n<tbody>\n<tr>\n<td width=\"386\" height=\"20\">\u00a0<strong>07<\/strong> &#8211; Jo\u00e3o de<strong> Ataliba<\/strong> Nogueira Neto \u00a9<\/td>\n<\/tr>\n<tr>\n<td height=\"20\"><strong>\u00a002<\/strong> &#8211;<strong> Christian<\/strong> Araujo Alvim <strong>(love)<\/strong><\/td>\n<\/tr>\n<tr>\n<td height=\"20\">\u00a0<strong>05<\/strong> &#8211; Ronaldo Almeida da Silva <strong>(Ronaldinho)<\/strong><\/td>\n<\/tr>\n<tr>\n<td height=\"20\">\u00a0<strong>03<\/strong> &#8211; Bruno <strong>Aranha<\/strong><\/td>\n<\/tr>\n<tr>\n<td height=\"20\">\u00a0<strong>08<\/strong> &#8211; <strong>Jos\u00e9 Werik<\/strong> de Carvalho<\/td>\n<\/tr>\n<tr>\n<td height=\"20\">\u00a0<strong>17<\/strong> &#8211; <strong>Fred<\/strong>erico de Moura Carneiro<\/td>\n<\/tr>\n<tr>\n<td height=\"20\">\u00a0<strong>11<\/strong> &#8211; <strong>Saulo<\/strong> Ribeiro Lopes <strong>(Berola)<\/strong><\/td>\n<\/tr>\n<tr>\n<td height=\"20\">\u00a0<strong>04<\/strong> &#8211;<strong> Robson<\/strong> C\u00e2ndido da Silva <strong>(Cabe\u00e7\u00e3o)<\/strong><\/td>\n<\/tr>\n<tr>\n<td height=\"20\">\u00a0<strong>10<\/strong> &#8211; <strong>Adauri<\/strong> da Silva Gomes<\/td>\n<\/tr>\n<tr>\n<td height=\"20\">\u00a0<strong>09<\/strong> &#8211; <strong>Konrad<\/strong> Munis Pereira da Rocha<\/td>\n<\/tr>\n<tr>\n<td height=\"20\">\u00a0<strong>06<\/strong> &#8211; Marcelo Alves de Oliveira <strong>(Cabelinho de Boneca)<\/strong><\/td>\n<\/tr>\n<tr>\n<td height=\"20\">\u00a0<strong>13<\/strong> &#8211; <strong>Cleidiomar<\/strong> Ferreira Mendes<\/td>\n<\/tr>\n<tr>\n<td height=\"20\">\u00a0<strong>15<\/strong> &#8211; <strong>Sandro<\/strong> Torres Avelar<\/td>\n<\/tr>\n<tr>\n<td height=\"20\">\u00a0 \u00a0 \u00a0 \u00a0 Jo\u00e3o Maciel Claro <strong>(Jo\u00e3ozinho)<\/strong><\/td>\n<\/tr>\n<\/tbody>\n<\/table>\n<h1 class=\"post-title\"><img alt=\"\" src=\"http:\/\/adeboleiros.com.br\/\/\/wp-content\/uploads\/2014\/07\/australia.png\" \/>AUSTR\u00c1LIA<\/h1>\n<table width=\"383\" border=\"0\" cellspacing=\"0\" cellpadding=\"0\">\n<colgroup>\n<col width=\"383\" \/> <\/colgroup>\n<tbody>\n<tr>\n<td width=\"383\" height=\"20\">\u00a0<strong>10<\/strong> &#8211; Rog\u00e9rio Santos Alencar \u00a9<\/td>\n<\/tr>\n<tr>\n<td height=\"20\">\u00a0<strong>17<\/strong> &#8211; Marden Jorge Fernandes Rosa<\/td>\n<\/tr>\n<tr>\n<td height=\"20\">\u00a0<strong>16<\/strong> &#8211; Pablo Aguiar Tavares de Paula Gomes<\/td>\n<\/tr>\n<tr>\n<td height=\"20\"><strong>\u00a005<\/strong> &#8211; Eduardo de <strong>Freitas<\/strong> da Silva<\/td>\n<\/tr>\n<tr>\n<td height=\"20\">\u00a0<strong>15<\/strong> &#8211; Luiz Claudio do Nascimento <strong>(caf\u00e9)<\/strong><\/td>\n<\/tr>\n<tr>\n<td height=\"20\">\u00a0<strong>02<\/strong> &#8211; Jurandir Rodrigues <strong>Caetano<\/strong><\/td>\n<\/tr>\n<tr>\n<td height=\"20\">\u00a0<strong>18<\/strong> &#8211; <strong>Daniel<\/strong> Rocha <strong>Saraiva<\/strong><\/td>\n<\/tr>\n<tr>\n<td height=\"20\">\u00a0<strong>11<\/strong> &#8211; Alisson Minduri <strong>Capuzzo<\/strong><\/td>\n<\/tr>\n<tr>\n<td height=\"20\">\u00a0<strong>04<\/strong> &#8211; <strong>Rodrigo<\/strong> Gonzaga Rocha<\/td>\n<\/tr>\n<tr>\n<td height=\"20\">\u00a0<strong>06<\/strong> &#8211; <strong>Julio<\/strong> C\u00e9sar de Oliveira <strong>(Dentista)<\/strong><\/td>\n<\/tr>\n<tr>\n<td height=\"20\">\u00a0<strong>03<\/strong> &#8211; Victor Hugo <strong>Lottermann<\/strong><\/td>\n<\/tr>\n<tr>\n<td height=\"20\">\u00a0<strong>08<\/strong>\u00a0&#8211; Jos\u00e9 Roberto Soares Batista <strong>(Zez\u00e9)<\/strong><\/td>\n<\/tr>\n<tr>\n<td height=\"20\">\u00a0<strong>07<\/strong> &#8211; Vauerlir Costa <strong>da Silva<\/strong><\/td>\n<\/tr>\n<\/tbody>\n<\/table>\n<p>&nbsp;<\/p>\n<h1><img alt=\"\" src=\"http:\/\/adeboleiros.com.br\/\/\/wp-content\/uploads\/2014\/07\/inglaterra.png\" \/>INGLATERRA<\/h1>\n<table width=\"382\" border=\"0\" cellspacing=\"0\" cellpadding=\"0\">\n<colgroup>\n<col width=\"382\" \/> <\/colgroup>\n<tbody>\n<tr>\n<td width=\"382\" height=\"20\"><span><strong>\u00a011<\/strong> &#8211; <strong>Leo<\/strong><\/span><span>nardo de Castro Cardoso \u00a9<\/span><\/td>\n<\/tr>\n<tr>\n<td height=\"20\"><strong>\u00a004<\/strong> &#8211; Rafael de S\u00e1 Sampaio <strong>(Pernambuco)<\/strong><\/td>\n<\/tr>\n<tr>\n<td height=\"20\"><span><strong>\u00a007<\/strong> &#8211; <strong>Felippe <\/strong><\/span><span>Ricardo de Oliveira Evangelista<\/span><\/td>\n<\/tr>\n<tr>\n<td height=\"20\"><strong>\u00a016<\/strong> &#8211; Ismael Coelho do Amaral <strong>(Pai do Jorge)<\/strong><\/td>\n<\/tr>\n<tr>\n<td height=\"20\"><strong>\u00a002<\/strong> &#8211; Jorge Ant\u00f4nio dos Santos <strong>(Kid Bengala)<\/strong><\/td>\n<\/tr>\n<tr>\n<td height=\"20\">\u00a0<strong>14<\/strong> &#8211; R\u00f3bson Rui Campos de Almeida <strong>(Robgol)<\/strong><\/td>\n<\/tr>\n<tr>\n<td height=\"20\"><span>\u00a0<strong>08<\/strong> &#8211; <strong>Paulo Victor<\/strong><\/span><span> Nunes de Melo<\/span><\/td>\n<\/tr>\n<tr>\n<td height=\"20\">\u00a0<strong>09<\/strong> &#8211; Marcos Ant\u00f4nio <strong>Raposo (Rapos\u00e3o)<\/strong><\/td>\n<\/tr>\n<tr>\n<td height=\"20\">\u00a0<strong>19<\/strong> &#8211; Rodrigo Freitas <strong>Carbone<\/strong><\/td>\n<\/tr>\n<tr>\n<td height=\"20\"><span>\u00a0<strong>17<\/strong> &#8211;<strong> Vitor<\/strong><\/span><span> de Mello Duarte<\/span><\/td>\n<\/tr>\n<tr>\n<td height=\"20\"><span>\u00a0<strong>05<\/strong> &#8211;<strong> Jo\u00e3o Meireles<\/strong><\/span><span> Moraes<\/span><\/td>\n<\/tr>\n<tr>\n<td height=\"20\"><span>\u00a0<strong>10<\/strong> &#8211;<strong> Cairo<\/strong><\/span><span> Costa Duarte<\/span><\/td>\n<\/tr>\n<tr>\n<td height=\"20\"><span>\u00a0<strong>18<\/strong> &#8211; <strong>Thiago<\/strong><\/span><span> Frederico de Souza Costa<\/span><\/td>\n<\/tr>\n<tr>\n<td height=\"20\"><span>\u00a0 \u00a0 \u00a0 \u00a0 Yury\u00a0<\/span><span>Pereira Fernandes <\/span><strong>(Joinha)<\/strong><\/td>\n<\/tr>\n<\/tbody>\n<\/table>\n<p><img style=\"font-size: 2em;\" alt=\"\" src=\"http:\/\/adeboleiros.com.br\/\/\/wp-content\/uploads\/2014\/07\/bosnia.png\" \/><span style=\"font-size: 2em;\">B\u00d3SNIA E HERZEGOVINA<\/span><\/p>\n<table width=\"386\" border=\"0\" cellspacing=\"0\" cellpadding=\"0\">\n<colgroup>\n<col width=\"386\" \/> <\/colgroup>\n<tbody>\n<tr>\n<td width=\"386\" height=\"20\">\u00a0<strong>10<\/strong> &#8211; Francisco Ewillon Rodrgieus <strong>Viana<\/strong> \u00a9<\/td>\n<\/tr>\n<tr>\n<td height=\"20\">\u00a0<strong>08<\/strong> &#8211; <strong>Saulo<\/strong> Jos\u00e9 <strong>Roriz<\/strong> Silva<\/td>\n<\/tr>\n<tr>\n<td height=\"20\">\u00a0 \u00a0 \u00a0 \u00a0 Luiz S\u00e9rgio Henriques da Silva <strong>(Cafu)<\/strong><\/td>\n<\/tr>\n<tr>\n<td height=\"20\">\u00a0<strong>19<\/strong> &#8211; Guilherme Sousa Melo <strong>(Massaranduba)<\/strong><\/td>\n<\/tr>\n<tr>\n<td height=\"20\">\u00a0<strong>09<\/strong>\u00a0&#8211; <strong>Wellerson<\/strong> Gontijo J\u00fanior<\/td>\n<\/tr>\n<tr>\n<td height=\"20\">\u00a0<strong>18<\/strong> &#8211; <strong>Ighor<\/strong> Nogueira Sales Santiago<\/td>\n<\/tr>\n<tr>\n<td height=\"20\">\u00a0<strong>15<\/strong> &#8211; Luiz Carlos Ramos<strong> Porto<\/strong><\/td>\n<\/tr>\n<tr>\n<td height=\"20\">\u00a0<strong>03<\/strong> &#8211; Ednaldo Xavier de Ara\u00fajo <strong>(Cabinha)<\/strong><\/td>\n<\/tr>\n<tr>\n<td height=\"20\">\u00a0<strong>05<\/strong> &#8211; Manoel Fonseca<strong> Neto<\/strong><\/td>\n<\/tr>\n<tr>\n<td height=\"20\">\u00a0<strong>11<\/strong> &#8211; <strong>Rafael<\/strong> Ferreira de Souza <strong>(Petr\u00f3poles)<\/strong><\/td>\n<\/tr>\n<tr>\n<td height=\"20\">\u00a0<strong>04<\/strong> &#8211; <strong>Wellington<\/strong> Paulo Santos da Costa<\/td>\n<\/tr>\n<tr>\n<td height=\"20\">\u00a0<strong>07<\/strong> &#8211; <strong>\u00c1lavaro<\/strong> Henrique Ferreira<\/td>\n<\/tr>\n<tr>\n<td height=\"20\">\u00a0<strong>14<\/strong> &#8211; <strong>Geovane<\/strong> Gomes Tavares<\/td>\n<\/tr>\n<\/tbody>\n<\/table>\n<p><img style=\"font-size: 2em;\" alt=\"\" src=\"http:\/\/adeboleiros.com.br\/\/\/wp-content\/uploads\/2014\/07\/coracia.png\" \/><span style=\"font-size: 2em;\">CRO\u00c1CIA<br \/>\n<\/span><\/p>\n<table width=\"383\" border=\"0\" cellspacing=\"0\" cellpadding=\"0\">\n<colgroup>\n<col width=\"383\" \/> <\/colgroup>\n<tbody>\n<tr>\n<td width=\"383\" height=\"20\">\u00a0<strong>08<\/strong> &#8211; Franciscco Joaquim Araujo<strong> Saraiva<\/strong> \u00a9<\/td>\n<\/tr>\n<tr>\n<td height=\"20\">\u00a0<strong>10<\/strong> &#8211; <strong>Andr\u00e9<\/strong> Lu\u00eds da Costa e Leite <strong>(\u00cdndio)<\/strong><\/td>\n<\/tr>\n<tr>\n<td height=\"20\">\u00a0<strong>02<\/strong> &#8211; <strong>H\u00e9ber<\/strong> Jorge Fernandes Rosa<\/td>\n<\/tr>\n<tr>\n<td height=\"20\">\u00a0<strong>07<\/strong> &#8211; <strong>Gustavo<\/strong> Guerra de Sousa<\/td>\n<\/tr>\n<tr>\n<td height=\"20\">\u00a0<strong>14<\/strong> &#8211; Fernando Queiroz Segovia Oliveira<\/td>\n<\/tr>\n<tr>\n<td height=\"20\">\u00a0<strong>05<\/strong> &#8211; <strong>Wilson<\/strong> Rodrigues Silva<\/td>\n<\/tr>\n<tr>\n<td height=\"20\">\u00a0<strong>04<\/strong> &#8211; Paulo C\u00e9sar Boberg Barongeno <strong>(PC)<\/strong><\/td>\n<\/tr>\n<tr>\n<td height=\"20\">\u00a0<strong>11<\/strong> &#8211; <strong>L\u00edcio<\/strong> Cavalcante Saraiva<\/td>\n<\/tr>\n<tr>\n<td height=\"20\">\u00a0 \u00a0 \u00a0 \u00a0 Jos\u00e9 Eduardo Escanhoela <strong>(Dudu)<\/strong><\/td>\n<\/tr>\n<tr>\n<td height=\"20\">\u00a0<strong>13<\/strong> &#8211; Raphael da Silva Seixas <strong>(Frota)<\/strong><\/td>\n<\/tr>\n<tr>\n<td height=\"20\">\u00a0<strong>09<\/strong> &#8211; F\u00e1bio Costa dos Prazeres <strong>(Xerife)<\/strong><\/td>\n<\/tr>\n<tr>\n<td height=\"20\">\u00a0 \u00a0 \u00a0 \u00a0 Antonio Jo\u00e3o <strong>Dimitrov<\/strong><\/td>\n<\/tr>\n<tr>\n<td height=\"20\">\u00a0<strong>06<\/strong> &#8211; Diogo Barros <strong>Cavalcante<\/strong><\/td>\n<\/tr>\n<tr>\n<td height=\"20\">\u00a0<strong>03<\/strong> &#8211; <strong>Renato<\/strong> da Silva Ara\u00fajo<\/td>\n<\/tr>\n<\/tbody>\n<\/table>\n","protected":false},"excerpt":{"rendered":"<p>CAMAR\u00d5ES \u00a009 &#8211; Gerson de Sales \u00a9 \u00a008 &#8211;\u00a0Ant\u00f4nio Marcos Louren\u00e7o Teixeira (Marquinhos) \u00a007 &#8211; Vin\u00edcius de Oliveira Lima \u00a002 &#8211; Rafael Erthal Correa de S\u00e1 (Astroboy) \u00a016 &#8211; Alysson Cley Guimar\u00e3es de Matos \u00a017 &#8211; Thiago Marcantonio Ferreira \u00a014 &#8211; Cleto Galdino da Silva Filho \u00a019 &#8211;\u00a0 Marcelo Mesquita Guerra \u00a005 &#8211; Victor Dan &#8230;<\/p>\n","protected":false},"author":1,"featured_media":0,"parent":4141,"menu_order":0,"comment_status":"closed","ping_status":"closed","template":"","meta":{"ngg_post_thumbnail":0},"_links":{"self":[{"href":"https:\/\/entidadesintegradasdf.org.br\/adeboleiros\/wp-json\/wp\/v2\/pages\/4143"}],"collection":[{"href":"https:\/\/entidadesintegradasdf.org.br\/adeboleiros\/wp-json\/wp\/v2\/pages"}],"about":[{"href":"https:\/\/entidadesintegradasdf.org.br\/adeboleiros\/wp-json\/wp\/v2\/types\/page"}],"author":[{"embeddable":true,"href":"https:\/\/entidadesintegradasdf.org.br\/adeboleiros\/wp-json\/wp\/v2\/users\/1"}],"replies":[{"embeddable":true,"href":"https:\/\/entidadesintegradasdf.org.br\/adeboleiros\/wp-json\/wp\/v2\/comments?post=4143"}],"version-history":[{"count":30,"href":"https:\/\/entidadesintegradasdf.org.br\/adeboleiros\/wp-json\/wp\/v2\/pages\/4143\/revisions"}],"predecessor-version":[{"id":4179,"href":"https:\/\/entidadesintegradasdf.org.br\/adeboleiros\/wp-json\/wp\/v2\/pages\/4143\/revisions\/4179"}],"up":[{"embeddable":true,"href":"https:\/\/entidadesintegradasdf.org.br\/adeboleiros\/wp-json\/wp\/v2\/pages\/4141"}],"wp:attachment":[{"href":"https:\/\/entidadesintegradasdf.org.br\/adeboleiros\/wp-json\/wp\/v2\/media?parent=4143"}],"curies":[{"name":"wp","href":"https:\/\/api.w.org\/{rel}","templated":true}]}}