{"id":3018,"date":"2013-04-04T15:36:07","date_gmt":"2013-04-04T18:36:07","guid":{"rendered":"http:\/\/adeboleiros.com.br\/?page_id=3018"},"modified":"2013-04-05T19:00:18","modified_gmt":"2013-04-05T22:00:18","slug":"historia","status":"publish","type":"page","link":"https:\/\/entidadesintegradasdf.org.br\/adeboleiros\/historia\/","title":{"rendered":"Hist\u00f3ria"},"content":{"rendered":"<span class=\"dropcap\">2009<\/span>\n<p>Tudo come\u00e7ou com a realiza\u00e7\u00e3o do 1\u00ba CAMPEONATO DE FUTEBOL ADEBOLEIROS 2009, prestigiando o campeonato candango.<\/p>\n<p>Na \u00e9poca a falta de experi\u00eancia foi superada pelo esfor\u00e7o e dedica\u00e7\u00e3o do criador da marca, que contou com o apoio irrestrito da ADEPOL\/DF por meio de seu Presidente JOS\u00c9 WERICK DE CARVALHO.<\/p>\n<p>Contando com a participa\u00e7\u00e3o fundamental dos atletas inscritos, a iniciativa foi um sucesso total, notadamente em raz\u00e3o da divulga\u00e7\u00e3o do campeonato atrav\u00e9s da internet com o programa de v\u00eddeo Placar da Rodada.<\/p>\n<div class=\"clear\"><\/div><div class=\"divider\"><\/div>\n<span class=\"dropcap\">2010<\/span>\n<p>Devido ao extremo desgaste do ano anterior, a realiza\u00e7\u00e3o do 2\u00ba CAMPEONATO DE FUTEBOL ADEBOLEIROS 2010 \u2013 FIFA WORLD CUP, o idealizador do projeto cedeu o nome da marca e a organiza\u00e7\u00e3o da competi\u00e7\u00e3o ficou por conta da ADEPOL\/DF.<\/p>\n<div class=\"clear\"><\/div><div class=\"divider\"><\/div>\n<span class=\"dropcap\">2011<\/span>\n<p>Em atendimento \u00e0s diversas solicita\u00e7\u00f5es dos atletas, a ADEBOLEIROS, mais uma vez em parceria com a ADEPOL\/DF, por meio de seu Presidente e de seu Diretor de Esportes, revolucionou o futebol amador e realizou o 3\u00ba CAMPEONATO DE FUTEBOL ADEBOLEIROS 2011\u00a0ADEBOLEIROS CHAMPIONS LEAGUE.<\/p>\n<p>O sucesso do campeonato foi tamanho que a ADEBOLEIROS passou a ser conhecida em todo o Distrito Federal e at\u00e9 em outros Estados por meio da divulga\u00e7\u00e3o pela internet.<\/p>\n<p>Naquele ano foram gravados v\u00eddeos semanais e todo o campeonato foi divulgado em site na internet.<\/p>\n<div class=\"clear\"><\/div><div class=\"divider\"><\/div>\n<span class=\"dropcap\">2012<\/span>\n<p>A ADEBOLEIROS mudou os conceitos mais uma vez. Com organiza\u00e7\u00e3o e empenho realizamos com grande sucesso o 4\u00ba CAMPEONATO DE FUTEBOL ADEBOLEIROS 2012,\u00a0COPA ADEBOLEIROS LIBERTADORES, tendo recorde de inscritos.<\/p>\n<p>A inova\u00e7\u00e3o deste ano ficou por conta do ADEBOL\u00c3O, em que qualquer interessado passou a dar palpites sobre os resultados dos jogos. Ao final do ano o vencedor ganhou um \u00f3timo pr\u00eamio em dinheiro, al\u00e9m de outros brindes.<\/p>\n<p>No encerramento do Campeonato surpreendemos a todos com a grande festa CRAQUE ADEBOLEIROS 2012.<\/p>\n<p>Em local privilegiado de Bras\u00edlia, no Lago Parano\u00e1, com vista para a Ponte JK, realizamos um evento singular que trouxe v\u00eddeos e fotos relembrando todo o Campeonato, premiou e divertiu os atletas e familiares com um \u00f3timo almo\u00e7o e brindou \u00e0 todos com o fant\u00e1stico show da famigerada Banda Rola Cansada de Ontem e as Pererecas Felizes.<\/p>\n<div class=\"clear\"><\/div><div class=\"divider\"><\/div>\n<span class=\"dropcap\">2013<\/span>\n<p>Como n\u00e3o poderia ser diferente, com total apoio do Presidente e Diretor de Esportes da ADEPOL\/DF, demos um grande passo \u00e0 profissionaliza\u00e7\u00e3o de nosso futebol, com a realiza\u00e7\u00e3o de incr\u00edveis melhorias em nossas estruturas de jogo e entretenimento.<\/p>\n<p>Agora os atletas podem contar com vesti\u00e1rios de maior qualidade, cabines de transmiss\u00e3o e filmagem pr\u00f3prias e modernas, est\u00fadio personalizado, novo sistema de som e transmiss\u00e3o ao vivo remodelada.<\/p>\n<p>Chegamos ao 5\u00ba CAMPEONATO DE FUTEBOL,\u00a0prestigiando a CONFEDERATIONS CUP 2013 que se realiza no mesmo ano aqui no Brasil e com estas novidades esperamos fazer hist\u00f3ria mais uma vez.<\/p>\n<p>Contamos com todos voc\u00eas.<\/p>\n<p>&nbsp;<\/p>\n","protected":false},"excerpt":{"rendered":"<p>Tudo come\u00e7ou com a realiza\u00e7\u00e3o do 1\u00ba CAMPEONATO DE FUTEBOL ADEBOLEIROS 2009, prestigiando o campeonato candango. Na \u00e9poca a falta de experi\u00eancia foi superada pelo esfor\u00e7o e dedica\u00e7\u00e3o do criador da marca, que contou com o apoio irrestrito da ADEPOL\/DF por meio de seu Presidente JOS\u00c9 WERICK DE CARVALHO. Contando com a participa\u00e7\u00e3o fundamental dos &#8230;<\/p>\n","protected":false},"author":2,"featured_media":0,"parent":0,"menu_order":0,"comment_status":"closed","ping_status":"closed","template":"","meta":{"ngg_post_thumbnail":0},"_links":{"self":[{"href":"https:\/\/entidadesintegradasdf.org.br\/adeboleiros\/wp-json\/wp\/v2\/pages\/3018"}],"collection":[{"href":"https:\/\/entidadesintegradasdf.org.br\/adeboleiros\/wp-json\/wp\/v2\/pages"}],"about":[{"href":"https:\/\/entidadesintegradasdf.org.br\/adeboleiros\/wp-json\/wp\/v2\/types\/page"}],"author":[{"embeddable":true,"href":"https:\/\/entidadesintegradasdf.org.br\/adeboleiros\/wp-json\/wp\/v2\/users\/2"}],"replies":[{"embeddable":true,"href":"https:\/\/entidadesintegradasdf.org.br\/adeboleiros\/wp-json\/wp\/v2\/comments?post=3018"}],"version-history":[{"count":6,"href":"https:\/\/entidadesintegradasdf.org.br\/adeboleiros\/wp-json\/wp\/v2\/pages\/3018\/revisions"}],"predecessor-version":[{"id":3039,"href":"https:\/\/entidadesintegradasdf.org.br\/adeboleiros\/wp-json\/wp\/v2\/pages\/3018\/revisions\/3039"}],"wp:attachment":[{"href":"https:\/\/entidadesintegradasdf.org.br\/adeboleiros\/wp-json\/wp\/v2\/media?parent=3018"}],"curies":[{"name":"wp","href":"https:\/\/api.w.org\/{rel}","templated":true}]}}