{"id":27,"date":"2013-02-26T15:58:31","date_gmt":"2013-02-26T15:58:31","guid":{"rendered":"http:\/\/adeboleiros.com.br\/?page_id=27"},"modified":"2013-04-16T00:18:05","modified_gmt":"2013-04-16T03:18:05","slug":"quem-somos","status":"publish","type":"page","link":"https:\/\/entidadesintegradasdf.org.br\/adeboleiros\/quem-somos\/","title":{"rendered":"Quem Somos"},"content":{"rendered":"<h2>ADEBOLEIROS<\/h2>\n<p style=\"text-align: justify;\">Criada em 2009 por JOS\u00c9 EDUARDO ESCANHOELA, a marca ADEBOLEIROS, em parceria com a ADEPOL\/DF, tem como objetivo promover a integra\u00e7\u00e3o de colegas de diversas \u00e1reas do setor p\u00fablico e privado por meio do futebol.<\/p>\n<p style=\"text-align: justify;\">Com a organiza\u00e7\u00e3o de Campeonatos anuais de Futebol, buscamos intensificar a amizade entre as pessoas atuantes nos mais diversos setores e com isso trazer mais qualidade e efici\u00eancia na presta\u00e7\u00e3o dos servi\u00e7os \u00e0 sociedade.<\/p>\n<p style=\"text-align: justify;\">Temos como metas promover Campeonatos altamente organizados, com recursos e entretenimento diferenciados, al\u00e9m de premia\u00e7\u00f5es de qualidade.<\/p>\n<p style=\"text-align: justify;\">Ainda buscamos estender nossas atividades para a\u00e7\u00f5es sociais, atuando em parceria com o INSTITUTO SUPERAR,\u00a0entidade sem fins lucrativos que promove a inclus\u00e3o social de jovens atrav\u00e9s do esporte.<\/p>\n<p style=\"text-align: justify;\">Agradecemos a todos aqueles que ao longo dos anos v\u00eam fazendo da Adeboleiros uma marca cada vez mais forte e conhecida, tornando poss\u00edvel n\u00e3o s\u00f3 alcan\u00e7ar, mas tamb\u00e9m ampliar nossos objetivos de atua\u00e7\u00e3o.<\/p>\n<p style=\"text-align: right;\">JOS\u00c9 EDUARDO ESCANHOELA<\/p>\n","protected":false},"excerpt":{"rendered":"<p>ADEBOLEIROS Criada em 2009 por JOS\u00c9 EDUARDO ESCANHOELA, a marca ADEBOLEIROS, em parceria com a ADEPOL\/DF, tem como objetivo promover a integra\u00e7\u00e3o de colegas de diversas \u00e1reas do setor p\u00fablico e privado por meio do futebol. Com a organiza\u00e7\u00e3o de Campeonatos anuais de Futebol, buscamos intensificar a amizade entre as pessoas atuantes nos mais diversos &#8230;<\/p>\n","protected":false},"author":1,"featured_media":0,"parent":0,"menu_order":0,"comment_status":"closed","ping_status":"closed","template":"","meta":{"ngg_post_thumbnail":0},"_links":{"self":[{"href":"https:\/\/entidadesintegradasdf.org.br\/adeboleiros\/wp-json\/wp\/v2\/pages\/27"}],"collection":[{"href":"https:\/\/entidadesintegradasdf.org.br\/adeboleiros\/wp-json\/wp\/v2\/pages"}],"about":[{"href":"https:\/\/entidadesintegradasdf.org.br\/adeboleiros\/wp-json\/wp\/v2\/types\/page"}],"author":[{"embeddable":true,"href":"https:\/\/entidadesintegradasdf.org.br\/adeboleiros\/wp-json\/wp\/v2\/users\/1"}],"replies":[{"embeddable":true,"href":"https:\/\/entidadesintegradasdf.org.br\/adeboleiros\/wp-json\/wp\/v2\/comments?post=27"}],"version-history":[{"count":16,"href":"https:\/\/entidadesintegradasdf.org.br\/adeboleiros\/wp-json\/wp\/v2\/pages\/27\/revisions"}],"predecessor-version":[{"id":2992,"href":"https:\/\/entidadesintegradasdf.org.br\/adeboleiros\/wp-json\/wp\/v2\/pages\/27\/revisions\/2992"}],"wp:attachment":[{"href":"https:\/\/entidadesintegradasdf.org.br\/adeboleiros\/wp-json\/wp\/v2\/media?parent=27"}],"curies":[{"name":"wp","href":"https:\/\/api.w.org\/{rel}","templated":true}]}}