{"id":216,"date":"2012-04-03T13:18:26","date_gmt":"2012-04-03T16:18:26","guid":{"rendered":"http:\/\/adeboleiros.com.br\/?page_id=216"},"modified":"2013-02-27T19:12:19","modified_gmt":"2013-02-27T19:12:19","slug":"equipes","status":"publish","type":"page","link":"https:\/\/entidadesintegradasdf.org.br\/adeboleiros\/futebol\/campeonato-2012-2\/equipes\/","title":{"rendered":"Equipes"},"content":{"rendered":"<p>As equipes presentes na COPA ADEBOLEIROS LIBERTADORES foram selecionadas entre as maiores campe\u00e3s da Copa Libertadores da Am\u00e9rica, exclu\u00eddos os times brasileiros. S\u00e3o times de tradi\u00e7\u00e3o na Copa e destaque mundial.<\/p>\n\r\n        <style type='text\/css'>\r\n            #gallery-1 {\r\n                margin: auto;\r\n            }\r\n            #gallery-1 .gallery-item {\r\n                float: left;\r\n                margin-top: 10px;\r\n                text-align: center;\r\n                width: 33%;           }\r\n            #gallery-1 img {\r\n                border: 2px solid #cfcfcf;\r\n            }\r\n            #gallery-1 .gallery-caption {\r\n                margin-left: 0;\r\n            }\r\n        <\/style>\r\n        <!-- see gallery_shortcode() in wp-includes\/media.php -->\r\n        <div id='gallery-1' class='gallery-images gallery galleryid-216'><dl class='gallery-item'>\r\n            <dt class='gallery-icon'>\r\n                <a href='https:\/\/entidadesintegradasdf.org.br\/adeboleiros\/wp-content\/uploads\/2012\/04\/time-boca-juniors.jpg'><img width=\"150\" height=\"150\" src=\"https:\/\/entidadesintegradasdf.org.br\/adeboleiros\/wp-content\/uploads\/2012\/04\/time-boca-juniors-150x150.jpg\" class=\"attachment-thumbnail size-thumbnail\" alt=\"\" loading=\"lazy\" srcset=\"https:\/\/entidadesintegradasdf.org.br\/adeboleiros\/wp-content\/uploads\/2012\/04\/time-boca-juniors-150x150.jpg 150w, https:\/\/entidadesintegradasdf.org.br\/adeboleiros\/wp-content\/uploads\/2012\/04\/time-boca-juniors-55x55.jpg 55w\" sizes=\"(max-width: 150px) 100vw, 150px\" \/><\/a>\r\n            <\/dt><\/dl><dl class='gallery-item'>\r\n            <dt class='gallery-icon'>\r\n                <a href='https:\/\/entidadesintegradasdf.org.br\/adeboleiros\/wp-content\/uploads\/2012\/04\/time-cerro-porteno.jpg'><img width=\"150\" height=\"150\" src=\"https:\/\/entidadesintegradasdf.org.br\/adeboleiros\/wp-content\/uploads\/2012\/04\/time-cerro-porteno-150x150.jpg\" class=\"attachment-thumbnail size-thumbnail\" alt=\"\" loading=\"lazy\" srcset=\"https:\/\/entidadesintegradasdf.org.br\/adeboleiros\/wp-content\/uploads\/2012\/04\/time-cerro-porteno-150x150.jpg 150w, https:\/\/entidadesintegradasdf.org.br\/adeboleiros\/wp-content\/uploads\/2012\/04\/time-cerro-porteno-55x55.jpg 55w\" sizes=\"(max-width: 150px) 100vw, 150px\" \/><\/a>\r\n            <\/dt><\/dl><dl class='gallery-item'>\r\n            <dt class='gallery-icon'>\r\n                <a href='https:\/\/entidadesintegradasdf.org.br\/adeboleiros\/wp-content\/uploads\/2012\/04\/time-independiente.jpg'><img width=\"150\" height=\"150\" src=\"https:\/\/entidadesintegradasdf.org.br\/adeboleiros\/wp-content\/uploads\/2012\/04\/time-independiente-150x150.jpg\" class=\"attachment-thumbnail size-thumbnail\" alt=\"\" loading=\"lazy\" srcset=\"https:\/\/entidadesintegradasdf.org.br\/adeboleiros\/wp-content\/uploads\/2012\/04\/time-independiente-150x150.jpg 150w, https:\/\/entidadesintegradasdf.org.br\/adeboleiros\/wp-content\/uploads\/2012\/04\/time-independiente-55x55.jpg 55w\" sizes=\"(max-width: 150px) 100vw, 150px\" \/><\/a>\r\n            <\/dt><\/dl><br style=\"clear: both\" \/><dl class='gallery-item'>\r\n            <dt class='gallery-icon'>\r\n                <a href='https:\/\/entidadesintegradasdf.org.br\/adeboleiros\/wp-content\/uploads\/2012\/04\/time-nacional.jpg'><img width=\"150\" height=\"150\" src=\"https:\/\/entidadesintegradasdf.org.br\/adeboleiros\/wp-content\/uploads\/2012\/04\/time-nacional-150x150.jpg\" class=\"attachment-thumbnail size-thumbnail\" alt=\"\" loading=\"lazy\" srcset=\"https:\/\/entidadesintegradasdf.org.br\/adeboleiros\/wp-content\/uploads\/2012\/04\/time-nacional-150x150.jpg 150w, https:\/\/entidadesintegradasdf.org.br\/adeboleiros\/wp-content\/uploads\/2012\/04\/time-nacional-55x55.jpg 55w\" sizes=\"(max-width: 150px) 100vw, 150px\" \/><\/a>\r\n            <\/dt><\/dl><dl class='gallery-item'>\r\n            <dt class='gallery-icon'>\r\n                <a href='https:\/\/entidadesintegradasdf.org.br\/adeboleiros\/wp-content\/uploads\/2012\/04\/time-olimpia.jpg'><img width=\"150\" height=\"150\" src=\"https:\/\/entidadesintegradasdf.org.br\/adeboleiros\/wp-content\/uploads\/2012\/04\/time-olimpia-150x150.jpg\" class=\"attachment-thumbnail size-thumbnail\" alt=\"\" loading=\"lazy\" srcset=\"https:\/\/entidadesintegradasdf.org.br\/adeboleiros\/wp-content\/uploads\/2012\/04\/time-olimpia-150x150.jpg 150w, https:\/\/entidadesintegradasdf.org.br\/adeboleiros\/wp-content\/uploads\/2012\/04\/time-olimpia-55x55.jpg 55w\" sizes=\"(max-width: 150px) 100vw, 150px\" \/><\/a>\r\n            <\/dt><\/dl><dl class='gallery-item'>\r\n            <dt class='gallery-icon'>\r\n                <a href='https:\/\/entidadesintegradasdf.org.br\/adeboleiros\/wp-content\/uploads\/2012\/04\/time-penarol.jpg'><img width=\"150\" height=\"150\" src=\"https:\/\/entidadesintegradasdf.org.br\/adeboleiros\/wp-content\/uploads\/2012\/04\/time-penarol-150x150.jpg\" class=\"attachment-thumbnail size-thumbnail\" alt=\"\" loading=\"lazy\" srcset=\"https:\/\/entidadesintegradasdf.org.br\/adeboleiros\/wp-content\/uploads\/2012\/04\/time-penarol-150x150.jpg 150w, https:\/\/entidadesintegradasdf.org.br\/adeboleiros\/wp-content\/uploads\/2012\/04\/time-penarol-55x55.jpg 55w\" sizes=\"(max-width: 150px) 100vw, 150px\" \/><\/a>\r\n            <\/dt><\/dl><br style=\"clear: both\" \/>\r\n            <br style='clear: both;' \/>\r\n        <\/div>\n\n","protected":false},"excerpt":{"rendered":"<p>As equipes presentes na COPA ADEBOLEIROS LIBERTADORES foram selecionadas entre as maiores campe\u00e3s da Copa Libertadores da Am\u00e9rica, exclu\u00eddos os times brasileiros. S\u00e3o times de tradi\u00e7\u00e3o na Copa e destaque mundial.<\/p>\n","protected":false},"author":1,"featured_media":0,"parent":212,"menu_order":1,"comment_status":"closed","ping_status":"closed","template":"","meta":{"ngg_post_thumbnail":0},"_links":{"self":[{"href":"https:\/\/entidadesintegradasdf.org.br\/adeboleiros\/wp-json\/wp\/v2\/pages\/216"}],"collection":[{"href":"https:\/\/entidadesintegradasdf.org.br\/adeboleiros\/wp-json\/wp\/v2\/pages"}],"about":[{"href":"https:\/\/entidadesintegradasdf.org.br\/adeboleiros\/wp-json\/wp\/v2\/types\/page"}],"author":[{"embeddable":true,"href":"https:\/\/entidadesintegradasdf.org.br\/adeboleiros\/wp-json\/wp\/v2\/users\/1"}],"replies":[{"embeddable":true,"href":"https:\/\/entidadesintegradasdf.org.br\/adeboleiros\/wp-json\/wp\/v2\/comments?post=216"}],"version-history":[{"count":3,"href":"https:\/\/entidadesintegradasdf.org.br\/adeboleiros\/wp-json\/wp\/v2\/pages\/216\/revisions"}],"predecessor-version":[{"id":2852,"href":"https:\/\/entidadesintegradasdf.org.br\/adeboleiros\/wp-json\/wp\/v2\/pages\/216\/revisions\/2852"}],"up":[{"embeddable":true,"href":"https:\/\/entidadesintegradasdf.org.br\/adeboleiros\/wp-json\/wp\/v2\/pages\/212"}],"wp:attachment":[{"href":"https:\/\/entidadesintegradasdf.org.br\/adeboleiros\/wp-json\/wp\/v2\/media?parent=216"}],"curies":[{"name":"wp","href":"https:\/\/api.w.org\/{rel}","templated":true}]}}