{"id":1196,"date":"2012-07-03T17:27:53","date_gmt":"2012-07-03T20:27:53","guid":{"rendered":"http:\/\/adeboleiros.com.br\/?page_id=1196"},"modified":"2014-03-20T18:28:45","modified_gmt":"2014-03-20T21:28:45","slug":"torneio-inicio","status":"publish","type":"page","link":"https:\/\/entidadesintegradasdf.org.br\/adeboleiros\/futebol\/campeonato-2011\/torneio-inicio\/","title":{"rendered":"Torneio In\u00edcio"},"content":{"rendered":"<p><img loading=\"lazy\" class=\"size-full wp-image-1198 aligncenter\" title=\"TORNEIO IN\u00cdCIO 2011\" src=\"http:\/\/entidadesintegradasdf.org.br\/adeboleiros\/wp-content\/uploads\/2012\/07\/LOGOMARCA-TORNEIO-INICIO.jpg\" alt=\"\" width=\"281\" height=\"397\" srcset=\"https:\/\/entidadesintegradasdf.org.br\/adeboleiros\/wp-content\/uploads\/2012\/07\/LOGOMARCA-TORNEIO-INICIO.jpg 281w, https:\/\/entidadesintegradasdf.org.br\/adeboleiros\/wp-content\/uploads\/2012\/07\/LOGOMARCA-TORNEIO-INICIO-212x300.jpg 212w\" sizes=\"(max-width: 281px) 100vw, 281px\" \/><\/p>\n<p><img loading=\"lazy\" class=\"wp-image-1200 aligncenter\" title=\"TORNEIO IN\u00cdCIO 2011\" src=\"http:\/\/entidadesintegradasdf.org.br\/adeboleiros\/wp-content\/uploads\/2012\/07\/TORNEIO-IN\u00cdCIO-2011.jpg\" alt=\"\" width=\"592\" height=\"246\" srcset=\"https:\/\/entidadesintegradasdf.org.br\/adeboleiros\/wp-content\/uploads\/2012\/07\/TORNEIO-IN\u00cdCIO-2011.jpg 658w, https:\/\/entidadesintegradasdf.org.br\/adeboleiros\/wp-content\/uploads\/2012\/07\/TORNEIO-IN\u00cdCIO-2011-300x124.jpg 300w\" sizes=\"(max-width: 592px) 100vw, 592px\" \/><\/p>\n<p>&nbsp;<\/p>\n<div id=\"attachment_1208\" style=\"width: 600px\" class=\"wp-caption aligncenter\"><img aria-describedby=\"caption-attachment-1208\" loading=\"lazy\" class=\"wp-image-1208      \" title=\"CAMPE\u00c3O TORNEIO IN\u00cdCIO 2011\" src=\"http:\/\/entidadesintegradasdf.org.br\/adeboleiros\/wp-content\/uploads\/2012\/07\/BAYERN-CAMPEAO.jpg\" alt=\"\" width=\"590\" height=\"393\" srcset=\"https:\/\/entidadesintegradasdf.org.br\/adeboleiros\/wp-content\/uploads\/2012\/07\/BAYERN-CAMPEAO.jpg 1024w, https:\/\/entidadesintegradasdf.org.br\/adeboleiros\/wp-content\/uploads\/2012\/07\/BAYERN-CAMPEAO-300x199.jpg 300w\" sizes=\"(max-width: 590px) 100vw, 590px\" \/><p id=\"caption-attachment-1208\" class=\"wp-caption-text\">EM P\u00c9: Kl\u00e9ber, Alysson, Caf\u00e9, Rog\u00e9rio, J. Werick, Saraiva. \/ AGACHADO: Afonso, Vin\u00edcius, Paracatu, Aranha, Dudu, Lottermann.<\/p><\/div>\n<p>&nbsp;<\/p>\n<p>&nbsp;<\/p>\n<p>&nbsp;<\/p>\n","protected":false},"excerpt":{"rendered":"<p>&nbsp; &nbsp; &nbsp; &nbsp;<\/p>\n","protected":false},"author":2,"featured_media":0,"parent":380,"menu_order":0,"comment_status":"closed","ping_status":"closed","template":"","meta":{"ngg_post_thumbnail":0},"_links":{"self":[{"href":"https:\/\/entidadesintegradasdf.org.br\/adeboleiros\/wp-json\/wp\/v2\/pages\/1196"}],"collection":[{"href":"https:\/\/entidadesintegradasdf.org.br\/adeboleiros\/wp-json\/wp\/v2\/pages"}],"about":[{"href":"https:\/\/entidadesintegradasdf.org.br\/adeboleiros\/wp-json\/wp\/v2\/types\/page"}],"author":[{"embeddable":true,"href":"https:\/\/entidadesintegradasdf.org.br\/adeboleiros\/wp-json\/wp\/v2\/users\/2"}],"replies":[{"embeddable":true,"href":"https:\/\/entidadesintegradasdf.org.br\/adeboleiros\/wp-json\/wp\/v2\/comments?post=1196"}],"version-history":[{"count":1,"href":"https:\/\/entidadesintegradasdf.org.br\/adeboleiros\/wp-json\/wp\/v2\/pages\/1196\/revisions"}],"predecessor-version":[{"id":4066,"href":"https:\/\/entidadesintegradasdf.org.br\/adeboleiros\/wp-json\/wp\/v2\/pages\/1196\/revisions\/4066"}],"up":[{"embeddable":true,"href":"https:\/\/entidadesintegradasdf.org.br\/adeboleiros\/wp-json\/wp\/v2\/pages\/380"}],"wp:attachment":[{"href":"https:\/\/entidadesintegradasdf.org.br\/adeboleiros\/wp-json\/wp\/v2\/media?parent=1196"}],"curies":[{"name":"wp","href":"https:\/\/api.w.org\/{rel}","templated":true}]}}