{"id":1002,"date":"2012-07-11T18:02:32","date_gmt":"2012-07-11T21:02:32","guid":{"rendered":"http:\/\/adeboleiros.com.br\/?page_id=1002"},"modified":"2014-03-20T18:28:07","modified_gmt":"2014-03-20T21:28:07","slug":"adebolao","status":"publish","type":"page","link":"https:\/\/entidadesintegradasdf.org.br\/adeboleiros\/futebol\/campeonato-2012-2\/adebolao\/","title":{"rendered":"Adebol\u00e3o"},"content":{"rendered":"<p><a href=\"http:\/\/entidadesintegradasdf.org.br\/adeboleiros\/wp-content\/uploads\/2012\/07\/REGULAMENTO-ADEBOL\u00c3O-20121.pdf\"><img loading=\"lazy\" class=\"alignnone size-full wp-image-155\" title=\"PDF\" src=\"http:\/\/entidadesintegradasdf.org.br\/adeboleiros\/wp-content\/uploads\/2012\/01\/pdf-3.png\" alt=\"\" width=\"16\" height=\"16\" \/><\/a>\u00a0<span style=\"color: #0000ff;\"><a href=\"http:\/\/entidadesintegradasdf.org.br\/adeboleiros\/wp-content\/uploads\/2012\/07\/REGULAMENTO-ADEBOL\u00c3O-20121.pdf\" target=\"_blank\">REGULAMENTO ADEBOL\u00c3O<\/a><\/span><\/p>\n<p style=\"text-align: center;\"><img loading=\"lazy\" class=\" wp-image-1471 aligncenter\" title=\"ADEBOL\u00c3O 2012\" src=\"http:\/\/entidadesintegradasdf.org.br\/adeboleiros\/wp-content\/uploads\/2012\/07\/ADEBOL\u00c3O-2012.jpg\" alt=\"\" width=\"292\" height=\"279\" srcset=\"https:\/\/entidadesintegradasdf.org.br\/adeboleiros\/wp-content\/uploads\/2012\/07\/ADEBOL\u00c3O-2012.jpg 417w, https:\/\/entidadesintegradasdf.org.br\/adeboleiros\/wp-content\/uploads\/2012\/07\/ADEBOL\u00c3O-2012-300x286.jpg 300w\" sizes=\"(max-width: 292px) 100vw, 292px\" \/><\/p>\n<p style=\"text-align: center;\"><img loading=\"lazy\" class=\"alignnone  wp-image-1569 aligncenter\" title=\"CLASSIFICA\u00c7\u00c3O\" src=\"http:\/\/entidadesintegradasdf.org.br\/adeboleiros\/wp-content\/uploads\/2012\/07\/CLASSIFICA\u00c7\u00c3O.jpg\" alt=\"\" width=\"432\" height=\"54\" srcset=\"https:\/\/entidadesintegradasdf.org.br\/adeboleiros\/wp-content\/uploads\/2012\/07\/CLASSIFICA\u00c7\u00c3O.jpg 617w, https:\/\/entidadesintegradasdf.org.br\/adeboleiros\/wp-content\/uploads\/2012\/07\/CLASSIFICA\u00c7\u00c3O-300x37.jpg 300w\" sizes=\"(max-width: 432px) 100vw, 432px\" \/><\/p>\n<p style=\"text-align: center;\"><em>\u00a0atualizado em 01\/12\/2012 \u00e0s 20h33min<\/em><\/p>\n<p style=\"text-align: center;\"><img loading=\"lazy\" class=\"alignnone size-full wp-image-1833\" title=\"ADEBOL\u00c3O 33-34\" src=\"http:\/\/entidadesintegradasdf.org.br\/adeboleiros\/wp-content\/uploads\/2012\/07\/ADEBOL\u00c3O-33-34.jpg\" alt=\"\" width=\"471\" height=\"1026\" srcset=\"https:\/\/entidadesintegradasdf.org.br\/adeboleiros\/wp-content\/uploads\/2012\/07\/ADEBOL\u00c3O-33-34.jpg 471w, https:\/\/entidadesintegradasdf.org.br\/adeboleiros\/wp-content\/uploads\/2012\/07\/ADEBOL\u00c3O-33-34-470x1024.jpg 470w\" sizes=\"(max-width: 471px) 100vw, 471px\" \/><\/p>\n<h1 style=\"text-align: center;\"><span style=\"color: #0000ff;\">PREMIA\u00c7\u00c3O 2012<\/span><\/h1>\n<h3 style=\"text-align: center;\">1\u00ba LUGAR: R$ 546,00<\/h3>\n<h4 style=\"text-align: center;\">2\u00ba LUGAR: R$ 156,00<\/h4>\n<h5 style=\"text-align: center;\">3\u00ba LUGAR: R$ 78,00<\/h5>\n<p style=\"text-align: center;\"><em><strong><span style=\"color: #ff0000;\">PR\u00caMIO TOTAL: R$780,00<\/span><\/strong><\/em><\/p>\n","protected":false},"excerpt":{"rendered":"<p>\u00a0REGULAMENTO ADEBOL\u00c3O \u00a0atualizado em 01\/12\/2012 \u00e0s 20h33min PREMIA\u00c7\u00c3O 2012 1\u00ba LUGAR: R$ 546,00 2\u00ba LUGAR: R$ 156,00 3\u00ba LUGAR: R$ 78,00 PR\u00caMIO TOTAL: R$780,00<\/p>\n","protected":false},"author":2,"featured_media":0,"parent":212,"menu_order":7,"comment_status":"closed","ping_status":"closed","template":"","meta":{"ngg_post_thumbnail":0},"_links":{"self":[{"href":"https:\/\/entidadesintegradasdf.org.br\/adeboleiros\/wp-json\/wp\/v2\/pages\/1002"}],"collection":[{"href":"https:\/\/entidadesintegradasdf.org.br\/adeboleiros\/wp-json\/wp\/v2\/pages"}],"about":[{"href":"https:\/\/entidadesintegradasdf.org.br\/adeboleiros\/wp-json\/wp\/v2\/types\/page"}],"author":[{"embeddable":true,"href":"https:\/\/entidadesintegradasdf.org.br\/adeboleiros\/wp-json\/wp\/v2\/users\/2"}],"replies":[{"embeddable":true,"href":"https:\/\/entidadesintegradasdf.org.br\/adeboleiros\/wp-json\/wp\/v2\/comments?post=1002"}],"version-history":[{"count":1,"href":"https:\/\/entidadesintegradasdf.org.br\/adeboleiros\/wp-json\/wp\/v2\/pages\/1002\/revisions"}],"predecessor-version":[{"id":4061,"href":"https:\/\/entidadesintegradasdf.org.br\/adeboleiros\/wp-json\/wp\/v2\/pages\/1002\/revisions\/4061"}],"up":[{"embeddable":true,"href":"https:\/\/entidadesintegradasdf.org.br\/adeboleiros\/wp-json\/wp\/v2\/pages\/212"}],"wp:attachment":[{"href":"https:\/\/entidadesintegradasdf.org.br\/adeboleiros\/wp-json\/wp\/v2\/media?parent=1002"}],"curies":[{"name":"wp","href":"https:\/\/api.w.org\/{rel}","templated":true}]}}